{"id":3,"date":"2025-02-08T18:40:19","date_gmt":"2025-02-08T17:40:19","guid":{"rendered":"https:\/\/www.nonnapinaajonegro.com\/?page_id=3"},"modified":"2025-04-10T12:31:47","modified_gmt":"2025-04-10T10:31:47","slug":"politica-privacidad","status":"publish","type":"page","link":"https:\/\/www.nonnapinaajonegro.com\/ca\/politica-privacidad\/","title":{"rendered":"Pol\u00edtica de privadesa"},"content":{"rendered":"<p><strong>1. DADES DEL RESPONSABLE DEL TRACTAMENT<\/strong><\/p><p>\u2013 Ra\u00f3 Social: TOMMASO PALAZZO (d'ara endavant, l'Empresa o el Responsable).<\/p><p>\u2013 NIE: Y8753434Q<\/p><p>\u2013 Domicili: Carrer del Bastiments, 20, 17006, Girona, Espanya<\/p><p>\u2013 Email per a comunicacions en mat\u00e8ria de Protecci\u00f3 de dades: info@nonnapinaajonegro.com<\/p><p><strong>1.1. Normativa aplicable<\/strong><\/p><p>La nostra Pol\u00edtica de Privadesa s'ha dissenyat d'acord amb el Reglament General de Protecci\u00f3 de Dades de la UE 2016\/679 del Parlament Europeu i del Consell, de 27 d'abril de 2016, relatiu a la protecci\u00f3 de les persones f\u00edsiques pel que fa al tractament de dades personals ia la lliure circulaci\u00f3 d'aquestes dades i pel que es deroga la 4\/4 dades), i en all\u00f2 que no contradigui l'esmentat Reglament, pel que disposa el marc legislatiu espanyol en mat\u00e8ria de Protecci\u00f3 de Dades de Car\u00e0cter Personal.<\/p><p>En facilitar-nos les seves dades, declara haver llegit i con\u00e8ixer la present Pol\u00edtica de Privadesa, prestant el seu consentiment inequ\u00edvoc i expr\u00e9s al tractament de les seves dades personals d'acord amb les finalitats i termes aqu\u00ed expressats.<\/p><p>L'Empresa podr\u00e0 modificar aquesta Pol\u00edtica de Privadesa per adaptar-la a les novetats legislatives, jurisprudencials o d'interpretaci\u00f3 de l'Ag\u00e8ncia Espanyola de Protecci\u00f3 de Dades. Aquestes condicions de privadesa poden ser complementades per l'Av\u00eds Legal, Pol\u00edtica de Cookies i les Condicions Generals que, si escau, es recullin per a determinats productes o serveis, si aquest acc\u00e9s suposa alguna especialitat en mat\u00e8ria de protecci\u00f3 de dades de car\u00e0cter personal.<\/p><p><strong>2. FINALITAT DEL TRACTAMENT DE LES DADES PERSONALS<\/strong><\/p><p>El tractament que realitzem de les vostres dades personals respon a les seg\u00fcents finalitats:<\/p><p>\u2013 Proporcionar informaci\u00f3 relacionada amb els productes i serveis que ofereix la nostra empresa i que detallen en aquest lloc web.<\/p><p>\u2013 Realitzar la contractaci\u00f3 dels nostres serveis mitjan\u00e7ant l'acceptaci\u00f3 del corresponent pressupost\/comanda i\/o la signatura d'un contracte mercantil.<\/p><p>\u2013 Enviar per correu electr\u00f2nic i\/o postal les not\u00edcies i novetats sobre la nostra entitat, aix\u00ed com les actualitzacions del nostre cat\u00e0leg de productes i serveis.<\/p><p><strong>2.1. Termini de Conservaci\u00f3 de les vostres dades<\/strong><\/p><p>Conservarem les vostres dades personals des que ens doneu el vostre consentiment fins que ho revoqui o b\u00e9 sol\u00b7liciteu la limitaci\u00f3 del tractament. En aquests casos, mantindrem les vostres dades de manera bloquejada durant els terminis legalment exigits.<\/p><p><strong>3. LEGITIMACI\u00d3 I DADES RECAPTADES<\/strong><\/p><p>La legitimaci\u00f3n para el tratamiento de sus datos es el consentimiento expreso otorgado mediante un acto positivo y afirmativo (rellenar el formulario correspondiente y marcar la casilla de aceptaci\u00f3n de esta pol\u00edtica) en el momento de facilitarnos sus datos personales.<\/p><p><strong>3.1. Consentimiento para tratar sus datos<\/strong><\/p><p>En omplir els formularis, marcar la casella \u201cAccepto la Pol\u00edtica de Privadesa\u201d i fer clic per enviar les dades, o en remetre correus electr\u00f2nics a l'Empresa a trav\u00e9s dels comptes habilitats a aquest efecte, l'Usuari manifesta haver llegit i acceptat expressament aquesta pol\u00edtica de privadesa, i atorga el seu consentiment inequ\u00edvoc i expresso les seves dades.<\/p><p>L'Usuari certifica que \u00e9s m\u00e9s gran de 14 anys i que per tant posseeix la capacitat legal necess\u00e0ria per a la prestaci\u00f3 del consentiment quant al tractament de les seves dades de car\u00e0cter personal i tot aix\u00f2, de conformitat amb el que estableix aquesta Pol\u00edtica de Privadesa.<\/p><p><strong>3.2. Categories de dades<\/strong><\/p><p>Les dades que es demanen es refereixen a la categoria de dades identificatives, com poden ser: Nom i Cognoms, Tel\u00e8fon, Adre\u00e7a Postal, Empresa, Correu electr\u00f2nic, aix\u00ed com l'adre\u00e7a IP des d'on accedeix al formulari de recollida de dades.<\/p><p><strong>4. MESURES DE SEGURETAT<\/strong><\/p><p>Dins del nostre comprom\u00eds per garantir la seguretat i confidencialitat de les vostres dades de car\u00e0cter personal, us informem que s'han adoptat les mesures d'\u00edndole t\u00e8cnica i organitzatives necess\u00e0ries per garantir la seguretat de les dades de car\u00e0cter personal i evitar la seva alteraci\u00f3, p\u00e8rdua, tractament o acc\u00e9s no autoritzat, tenint en compte l'estat de la tecnologia, la naturalesa de les dades emmagatzemades i els riscos a qu\u00e8 estiguin exposats, segons. 32 del RGPD EU 679\/2016.<\/p><p><strong>5. CESSI\u00d3 DE DADES<\/strong><\/p><p>No es preveuen cessions de dades ni transfer\u00e8ncies internacionals de les seves dades, a excepci\u00f3 de les autoritzades per la legislaci\u00f3 fiscal, mercantil i de telecomunicacions, aix\u00ed com en aquells casos en qu\u00e8 una autoritat judicial ens ho requereixi.<\/p><p><strong>6. DRETS DE L'USUARI<\/strong><\/p><p>Qualsevol interessat t\u00e9 dret a obtenir confirmaci\u00f3 sobre si estem tractant dades personals que us concerneixin, o no. Les persones interessades tenen dret a accedir a les seves dades personals, aix\u00ed com a sol\u00b7licitar la rectificaci\u00f3 de les dades inexactes o, si escau, sol\u00b7licitar-ne la supressi\u00f3 quan, entre altres motius, les dades ja no siguin necess\u00e0ries per als fins que van ser recollides. En determinades circumst\u00e0ncies, els interessats podran sol\u00b7licitar la limitaci\u00f3 del tractament de les seves dades, cas en qu\u00e8 \u00fanicament les conservarem per a l'exercici o la defensa de reclamacions. Per motius relacionats amb la seva situaci\u00f3 particular, els interessats podran oposar-se al tractament de les dades. El Responsable del tractament deixar\u00e0 de tractar les dades, tret de motius leg\u00edtims imperiosos, o l'exercici o la defensa de possibles reclamacions.<\/p><p><strong>6.1. Com exercitar els meus drets?<\/strong> Per exercir els vostres drets, podeu enviar una carta a Carrer del Bastiments, 20 \u2013 17006, Girona, Espanya o tamb\u00e9 podeu enviar un correu electr\u00f2nic al Responsable o, si escau, al Delegat de Protecci\u00f3 de Dades a info@nonnapinaajonegro.com sol\u00b7licitant el formulari corresponent per a l'exercici del dret escollit. Opcionalment, podeu adre\u00e7ar-vos a l'Autoritat de Control competent per obtenir m\u00e9s informaci\u00f3 sobre els seus drets. Recordeu adjuntar c\u00f2pia d'algun document que ens permeti identificar-vos.<\/p>","protected":false},"excerpt":{"rendered":"<p>1. DATOS DEL RESPONSABLE DEL TRATAMIENTO &#8211; Raz\u00f3n Social: TOMMASO PALAZZO (en adelante, la \u201cEmpresa\u201d o el \u201cResponsable\u201d). &#8211; NIE:<\/p>","protected":false},"author":1,"featured_media":0,"parent":0,"menu_order":0,"comment_status":"closed","ping_status":"open","template":"","meta":{"footnotes":""},"class_list":["post-3","page","type-page","status-publish","hentry"],"yoast_head":"<!-- This site is optimized with the Yoast SEO plugin v24.9 - https:\/\/yoast.com\/wordpress\/plugins\/seo\/ -->\n<title>Politica de privacidad - Nonna Pina Ajo Negro<\/title>\n<meta name=\"description\" content=\"Nuestra Pol\u00edtica de Privacidad se ha dise\u00f1ado de acuerdo con el Reglamento General de Protecci\u00f3n de Datos de la UE\" \/>\n<meta name=\"robots\" content=\"index, follow, max-snippet:-1, max-image-preview:large, max-video-preview:-1\" \/>\n<link rel=\"canonical\" href=\"https:\/\/www.nonnapinaajonegro.com\/ca\/politica-privacidad\/\" \/>\n<meta property=\"og:locale\" content=\"ca_ES\" \/>\n<meta property=\"og:type\" content=\"article\" \/>\n<meta property=\"og:title\" content=\"Politica de privacidad - Nonna Pina Ajo Negro\" \/>\n<meta property=\"og:description\" content=\"Nuestra Pol\u00edtica de Privacidad se ha dise\u00f1ado de acuerdo con el Reglamento General de Protecci\u00f3n de Datos de la UE\" \/>\n<meta property=\"og:url\" content=\"https:\/\/www.nonnapinaajonegro.com\/ca\/politica-privacidad\/\" \/>\n<meta property=\"og:site_name\" content=\"Nonna Pina Ajo Negro\" \/>\n<meta property=\"article:publisher\" content=\"https:\/\/www.facebook.com\/p\/Ajo-Negro-Nonna-Pina-100063647813861\/yoast\" \/>\n<meta property=\"article:modified_time\" content=\"2025-04-10T10:31:47+00:00\" \/>\n<meta name=\"twitter:card\" content=\"summary_large_image\" \/>\n<meta name=\"twitter:label1\" content=\"Temps estimat de lectura\" \/>\n\t<meta name=\"twitter:data1\" content=\"5 minuts\" \/>\n<script type=\"application\/ld+json\" class=\"yoast-schema-graph\">{\"@context\":\"https:\/\/schema.org\",\"@graph\":[{\"@type\":\"WebPage\",\"@id\":\"https:\/\/www.nonnapinaajonegro.com\/politica-privacidad\/\",\"url\":\"https:\/\/www.nonnapinaajonegro.com\/politica-privacidad\/\",\"name\":\"Politica de privacidad - Nonna Pina Ajo Negro\",\"isPartOf\":{\"@id\":\"https:\/\/www.nonnapinaajonegro.com\/#website\"},\"datePublished\":\"2025-02-08T17:40:19+00:00\",\"dateModified\":\"2025-04-10T10:31:47+00:00\",\"description\":\"Nuestra Pol\u00edtica de Privacidad se ha dise\u00f1ado de acuerdo con el Reglamento General de Protecci\u00f3n de Datos de la UE\",\"breadcrumb\":{\"@id\":\"https:\/\/www.nonnapinaajonegro.com\/politica-privacidad\/#breadcrumb\"},\"inLanguage\":\"ca\",\"potentialAction\":[{\"@type\":\"ReadAction\",\"target\":[\"https:\/\/www.nonnapinaajonegro.com\/politica-privacidad\/\"]}]},{\"@type\":\"BreadcrumbList\",\"@id\":\"https:\/\/www.nonnapinaajonegro.com\/politica-privacidad\/#breadcrumb\",\"itemListElement\":[{\"@type\":\"ListItem\",\"position\":1,\"name\":\"Home\",\"item\":\"https:\/\/www.nonnapinaajonegro.com\/\"},{\"@type\":\"ListItem\",\"position\":2,\"name\":\"Politica de privacidad\"}]},{\"@type\":\"WebSite\",\"@id\":\"https:\/\/www.nonnapinaajonegro.com\/#website\",\"url\":\"https:\/\/www.nonnapinaajonegro.com\/\",\"name\":\"Nonna Pina Ajo Negro\",\"description\":\"\",\"publisher\":{\"@id\":\"https:\/\/www.nonnapinaajonegro.com\/#organization\"},\"potentialAction\":[{\"@type\":\"SearchAction\",\"target\":{\"@type\":\"EntryPoint\",\"urlTemplate\":\"https:\/\/www.nonnapinaajonegro.com\/?s={search_term_string}\"},\"query-input\":{\"@type\":\"PropertyValueSpecification\",\"valueRequired\":true,\"valueName\":\"search_term_string\"}}],\"inLanguage\":\"ca\"},{\"@type\":\"Organization\",\"@id\":\"https:\/\/www.nonnapinaajonegro.com\/#organization\",\"name\":\"Nonna Pina Ajo Negro\",\"url\":\"https:\/\/www.nonnapinaajonegro.com\/\",\"logo\":{\"@type\":\"ImageObject\",\"inLanguage\":\"ca\",\"@id\":\"https:\/\/www.nonnapinaajonegro.com\/#\/schema\/logo\/image\/\",\"url\":\"https:\/\/www.nonnapinaajonegro.com\/wp-content\/uploads\/2025\/02\/Black-logo-no-background-orizzontale.png\",\"contentUrl\":\"https:\/\/www.nonnapinaajonegro.com\/wp-content\/uploads\/2025\/02\/Black-logo-no-background-orizzontale.png\",\"width\":2940,\"height\":1592,\"caption\":\"Nonna Pina Ajo Negro\"},\"image\":{\"@id\":\"https:\/\/www.nonnapinaajonegro.com\/#\/schema\/logo\/image\/\"},\"sameAs\":[\"https:\/\/www.facebook.com\/p\/Ajo-Negro-Nonna-Pina-100063647813861\/yoast\",\"https:\/\/www.instagram.com\/nonnapina.ajonegro\/yoast\"]}]}<\/script>\n<!-- \/ Yoast SEO plugin. -->","yoast_head_json":{"title":"Politica de privacidad - Nonna Pina Ajo Negro","description":"Nuestra Pol\u00edtica de Privacidad se ha dise\u00f1ado de acuerdo con el Reglamento General de Protecci\u00f3n de Datos de la UE","robots":{"index":"index","follow":"follow","max-snippet":"max-snippet:-1","max-image-preview":"max-image-preview:large","max-video-preview":"max-video-preview:-1"},"canonical":"https:\/\/www.nonnapinaajonegro.com\/ca\/politica-privacidad\/","og_locale":"ca_ES","og_type":"article","og_title":"Politica de privacidad - Nonna Pina Ajo Negro","og_description":"Nuestra Pol\u00edtica de Privacidad se ha dise\u00f1ado de acuerdo con el Reglamento General de Protecci\u00f3n de Datos de la UE","og_url":"https:\/\/www.nonnapinaajonegro.com\/ca\/politica-privacidad\/","og_site_name":"Nonna Pina Ajo Negro","article_publisher":"https:\/\/www.facebook.com\/p\/Ajo-Negro-Nonna-Pina-100063647813861\/yoast","article_modified_time":"2025-04-10T10:31:47+00:00","twitter_card":"summary_large_image","twitter_misc":{"Temps estimat de lectura":"5 minuts"},"schema":{"@context":"https:\/\/schema.org","@graph":[{"@type":"WebPage","@id":"https:\/\/www.nonnapinaajonegro.com\/politica-privacidad\/","url":"https:\/\/www.nonnapinaajonegro.com\/politica-privacidad\/","name":"Politica de privacidad - Nonna Pina Ajo Negro","isPartOf":{"@id":"https:\/\/www.nonnapinaajonegro.com\/#website"},"datePublished":"2025-02-08T17:40:19+00:00","dateModified":"2025-04-10T10:31:47+00:00","description":"Nuestra Pol\u00edtica de Privacidad se ha dise\u00f1ado de acuerdo con el Reglamento General de Protecci\u00f3n de Datos de la UE","breadcrumb":{"@id":"https:\/\/www.nonnapinaajonegro.com\/politica-privacidad\/#breadcrumb"},"inLanguage":"ca","potentialAction":[{"@type":"ReadAction","target":["https:\/\/www.nonnapinaajonegro.com\/politica-privacidad\/"]}]},{"@type":"BreadcrumbList","@id":"https:\/\/www.nonnapinaajonegro.com\/politica-privacidad\/#breadcrumb","itemListElement":[{"@type":"ListItem","position":1,"name":"Home","item":"https:\/\/www.nonnapinaajonegro.com\/"},{"@type":"ListItem","position":2,"name":"Politica de privacidad"}]},{"@type":"WebSite","@id":"https:\/\/www.nonnapinaajonegro.com\/#website","url":"https:\/\/www.nonnapinaajonegro.com\/","name":"Nonna Pina Ajo Negro","description":"","publisher":{"@id":"https:\/\/www.nonnapinaajonegro.com\/#organization"},"potentialAction":[{"@type":"SearchAction","target":{"@type":"EntryPoint","urlTemplate":"https:\/\/www.nonnapinaajonegro.com\/?s={search_term_string}"},"query-input":{"@type":"PropertyValueSpecification","valueRequired":true,"valueName":"search_term_string"}}],"inLanguage":"ca"},{"@type":"Organization","@id":"https:\/\/www.nonnapinaajonegro.com\/#organization","name":"Nonna Pina Ajo Negro","url":"https:\/\/www.nonnapinaajonegro.com\/","logo":{"@type":"ImageObject","inLanguage":"ca","@id":"https:\/\/www.nonnapinaajonegro.com\/#\/schema\/logo\/image\/","url":"https:\/\/www.nonnapinaajonegro.com\/wp-content\/uploads\/2025\/02\/Black-logo-no-background-orizzontale.png","contentUrl":"https:\/\/www.nonnapinaajonegro.com\/wp-content\/uploads\/2025\/02\/Black-logo-no-background-orizzontale.png","width":2940,"height":1592,"caption":"Nonna Pina Ajo Negro"},"image":{"@id":"https:\/\/www.nonnapinaajonegro.com\/#\/schema\/logo\/image\/"},"sameAs":["https:\/\/www.facebook.com\/p\/Ajo-Negro-Nonna-Pina-100063647813861\/yoast","https:\/\/www.instagram.com\/nonnapina.ajonegro\/yoast"]}]}},"_links":{"self":[{"href":"https:\/\/www.nonnapinaajonegro.com\/ca\/wp-json\/wp\/v2\/pages\/3","targetHints":{"allow":["GET"]}}],"collection":[{"href":"https:\/\/www.nonnapinaajonegro.com\/ca\/wp-json\/wp\/v2\/pages"}],"about":[{"href":"https:\/\/www.nonnapinaajonegro.com\/ca\/wp-json\/wp\/v2\/types\/page"}],"author":[{"embeddable":true,"href":"https:\/\/www.nonnapinaajonegro.com\/ca\/wp-json\/wp\/v2\/users\/1"}],"replies":[{"embeddable":true,"href":"https:\/\/www.nonnapinaajonegro.com\/ca\/wp-json\/wp\/v2\/comments?post=3"}],"version-history":[{"count":6,"href":"https:\/\/www.nonnapinaajonegro.com\/ca\/wp-json\/wp\/v2\/pages\/3\/revisions"}],"predecessor-version":[{"id":35176,"href":"https:\/\/www.nonnapinaajonegro.com\/ca\/wp-json\/wp\/v2\/pages\/3\/revisions\/35176"}],"wp:attachment":[{"href":"https:\/\/www.nonnapinaajonegro.com\/ca\/wp-json\/wp\/v2\/media?parent=3"}],"curies":[{"name":"wp","href":"https:\/\/api.w.org\/{rel}","templated":true}]}}