{"id":34900,"date":"2025-04-05T11:35:20","date_gmt":"2025-04-05T09:35:20","guid":{"rendered":"https:\/\/www.nonnapinaajonegro.com\/?page_id=34900"},"modified":"2025-04-12T10:58:44","modified_gmt":"2025-04-12T08:58:44","slug":"vino-tinto-con-ajo-negro-6-uds","status":"publish","type":"page","link":"https:\/\/www.nonnapinaajonegro.com\/ca\/vino-tinto-con-ajo-negro-6-uds\/","title":{"rendered":"Vino tinto con Ajo Negro, 6 uds"},"content":{"rendered":"<div data-elementor-type=\"wp-page\" data-elementor-id=\"34900\" class=\"elementor elementor-34900\">\n\t\t\t\t<div class=\"wd-negative-gap elementor-element elementor-element-f99eb0b e-flex e-con-boxed e-con e-parent\" data-id=\"f99eb0b\" data-element_type=\"container\">\n\t\t\t\t\t<div class=\"e-con-inner\">\n\t\t\t\t<div class=\"elementor-element elementor-element-2e0aeba elementor-widget elementor-widget-spacer\" data-id=\"2e0aeba\" data-element_type=\"widget\" data-widget_type=\"spacer.default\">\n\t\t\t\t<div class=\"elementor-widget-container\">\n\t\t\t\t\t\t\t<div class=\"elementor-spacer\">\n\t\t\t<div class=\"elementor-spacer-inner\"><\/div>\n\t\t<\/div>\n\t\t\t\t\t\t<\/div>\n\t\t\t\t<\/div>\n\t\t\t\t\t<\/div>\n\t\t\t\t<\/div>\n\t\t<div class=\"wd-negative-gap elementor-element elementor-element-0462f8e e-flex e-con-boxed e-con e-parent\" data-id=\"0462f8e\" data-element_type=\"container\">\n\t\t\t\t\t<div class=\"e-con-inner\">\n\t\t\t\t<div class=\"elementor-element elementor-element-1182ae3 elementor-widget elementor-widget-spacer\" data-id=\"1182ae3\" data-element_type=\"widget\" data-widget_type=\"spacer.default\">\n\t\t\t\t<div class=\"elementor-widget-container\">\n\t\t\t\t\t\t\t<div class=\"elementor-spacer\">\n\t\t\t<div class=\"elementor-spacer-inner\"><\/div>\n\t\t<\/div>\n\t\t\t\t\t\t<\/div>\n\t\t\t\t<\/div>\n\t\t\t\t\t<\/div>\n\t\t\t\t<\/div>\n\t\t<div class=\"wd-negative-gap elementor-element elementor-element-8e14cd4 e-flex e-con-boxed e-con e-parent\" data-id=\"8e14cd4\" data-element_type=\"container\">\n\t\t\t\t\t<div class=\"e-con-inner\">\n\t\t\t\t<div class=\"elementor-element elementor-element-7eb2a58 elementor-widget elementor-widget-spacer\" data-id=\"7eb2a58\" data-element_type=\"widget\" data-widget_type=\"spacer.default\">\n\t\t\t\t<div class=\"elementor-widget-container\">\n\t\t\t\t\t\t\t<div class=\"elementor-spacer\">\n\t\t\t<div class=\"elementor-spacer-inner\"><\/div>\n\t\t<\/div>\n\t\t\t\t\t\t<\/div>\n\t\t\t\t<\/div>\n\t\t\t\t\t<\/div>\n\t\t\t\t<\/div>\n\t\t<div class=\"wd-negative-gap elementor-element elementor-element-34f3ae4 e-flex e-con-boxed e-con e-parent\" data-id=\"34f3ae4\" data-element_type=\"container\">\n\t\t\t\t\t<div class=\"e-con-inner\">\n\t\t<div class=\"elementor-element elementor-element-ebfac63 e-con-full e-flex e-con e-child\" data-id=\"ebfac63\" data-element_type=\"container\">\n\t\t\t\t<div class=\"elementor-element elementor-element-690e36f elementor-arrows-position-outside elementor-widget elementor-widget-image-carousel\" data-id=\"690e36f\" data-element_type=\"widget\" data-settings=\"{&quot;slides_to_show&quot;:&quot;1&quot;,&quot;navigation&quot;:&quot;arrows&quot;,&quot;effect&quot;:&quot;fade&quot;,&quot;infinite&quot;:&quot;yes&quot;,&quot;speed&quot;:500}\" data-widget_type=\"image-carousel.default\">\n\t\t\t\t<div class=\"elementor-widget-container\">\n\t\t\t\t\t\t\t<div class=\"elementor-image-carousel-wrapper swiper\" role=\"region\" aria-roledescription=\"carousel\" aria-label=\"Carosello d&#039;immagini\" dir=\"ltr\">\n\t\t\t<div class=\"elementor-image-carousel swiper-wrapper swiper-image-stretch\" aria-live=\"polite\">\n\t\t\t\t\t\t\t\t<div class=\"swiper-slide\" role=\"group\" aria-roledescription=\"slide\" aria-label=\"1 de 2\"><figure class=\"swiper-slide-inner\"><img decoding=\"async\" class=\"swiper-slide-image\" src=\"https:\/\/www.nonnapinaajonegro.com\/wp-content\/uploads\/2025\/04\/vinotinto6u.jpg\" alt=\"vinotinto6u\" \/><\/figure><\/div><div class=\"swiper-slide\" role=\"group\" aria-roledescription=\"slide\" aria-label=\"2 de 2\"><figure class=\"swiper-slide-inner\"><img decoding=\"async\" class=\"swiper-slide-image\" src=\"https:\/\/www.nonnapinaajonegro.com\/wp-content\/uploads\/2025\/04\/vinotinto001.jpg\" alt=\"vinotinto001\" \/><\/figure><\/div>\t\t\t<\/div>\n\t\t\t\t\t\t\t\t\t\t\t\t<div class=\"elementor-swiper-button elementor-swiper-button-prev\" role=\"button\" tabindex=\"0\">\n\t\t\t\t\t\t<svg aria-hidden=\"true\" class=\"e-font-icon-svg e-eicon-chevron-left\" viewbox=\"0 0 1000 1000\" xmlns=\"http:\/\/www.w3.org\/2000\/svg\"><path d=\"M646 125C629 125 613 133 604 142L308 442C296 454 292 471 292 487 292 504 296 521 308 533L604 854C617 867 629 875 646 875 663 875 679 871 692 858 704 846 713 829 713 812 713 796 708 779 692 767L438 487 692 225C700 217 708 204 708 187 708 171 704 154 692 142 675 129 663 125 646 125Z\"><\/path><\/svg>\t\t\t\t\t<\/div>\n\t\t\t\t\t<div class=\"elementor-swiper-button elementor-swiper-button-next\" role=\"button\" tabindex=\"0\">\n\t\t\t\t\t\t<svg aria-hidden=\"true\" class=\"e-font-icon-svg e-eicon-chevron-right\" viewbox=\"0 0 1000 1000\" xmlns=\"http:\/\/www.w3.org\/2000\/svg\"><path d=\"M696 533C708 521 713 504 713 487 713 471 708 454 696 446L400 146C388 133 375 125 354 125 338 125 325 129 313 142 300 154 292 171 292 187 292 204 296 221 308 233L563 492 304 771C292 783 288 800 288 817 288 833 296 850 308 863 321 871 338 875 354 875 371 875 388 867 400 854L696 533Z\"><\/path><\/svg>\t\t\t\t\t<\/div>\n\t\t\t\t\n\t\t\t\t\t\t\t\t\t<\/div>\n\t\t\t\t\t\t<\/div>\n\t\t\t\t<\/div>\n\t\t\t\t<\/div>\n\t\t<div class=\"elementor-element elementor-element-9d37f48 e-con-full e-flex e-con e-child\" data-id=\"9d37f48\" data-element_type=\"container\">\n\t\t<div class=\"elementor-element elementor-element-59d0205 e-con-full e-flex e-con e-child\" data-id=\"59d0205\" data-element_type=\"container\">\n\t\t\t\t<div class=\"elementor-element elementor-element-d273ca4 elementor-widget elementor-widget-heading\" data-id=\"d273ca4\" data-element_type=\"widget\" data-widget_type=\"heading.default\">\n\t\t\t\t<div class=\"elementor-widget-container\">\n\t\t\t\t\t<h1 class=\"elementor-heading-title elementor-size-default\">VI NEGRE AMB ALL NEGRE, 6 UNITATS<\/h1>\t\t\t\t<\/div>\n\t\t\t\t<\/div>\n\t\t\t\t<\/div>\n\t\t<div class=\"elementor-element elementor-element-147b47a e-con-full e-flex e-con e-child\" data-id=\"147b47a\" data-element_type=\"container\">\n\t\t\t\t<div class=\"elementor-element elementor-element-6113c9d elementor-widget elementor-widget-wd_text_block\" data-id=\"6113c9d\" data-element_type=\"widget\" data-widget_type=\"wd_text_block.default\">\n\t\t\t\t<div class=\"elementor-widget-container\">\n\t\t\t\t\t\t\t<div class=\"wd-text-block reset-last-child text-left\">\n\t\t\t\n\t\t\t<p>81,00 \u20ac<\/p>\n\t\t\t\t\t<\/div>\n\t\t\t\t\t\t<\/div>\n\t\t\t\t<\/div>\n\t\t\t\t<div class=\"elementor-element elementor-element-e4ac2af elementor-widget elementor-widget-wd_text_block\" data-id=\"e4ac2af\" data-element_type=\"widget\" data-widget_type=\"wd_text_block.default\">\n\t\t\t\t<div class=\"elementor-widget-container\">\n\t\t\t\t\t\t\t<div class=\"wd-text-block reset-last-child text-left\">\n\t\t\t\n\t\t\t<p>El preu te un 10% de descompte.<\/p>\n\t\t\t\t\t<\/div>\n\t\t\t\t\t\t<\/div>\n\t\t\t\t<\/div>\n\t\t\t\t<div class=\"elementor-element elementor-element-765be06 elementor-widget elementor-widget-wd_text_block\" data-id=\"765be06\" data-element_type=\"widget\" data-widget_type=\"wd_text_block.default\">\n\t\t\t\t<div class=\"elementor-widget-container\">\n\t\t\t\t\t\t\t<div class=\"wd-text-block reset-last-child text-left\">\n\t\t\t\n\t\t\t<p>Vi negre amb All Negre \u00e9s un producte 100% nacional i natural. Un aut\u00e8ntic elixir que combina tots els beneficis nutricionals de l'ALL NEGRE (que cont\u00e9: 18 dels 20 amino\u00e0cids necessaris a la dieta di\u00e0ria, a m\u00e9s d'alicina i zinc) I del VI NEGRE (ric en: antioxidants, vitamina E i fibra de ra\u00efm).<\/p><p><strong>Unitats: 6<\/strong><\/p><p><strong>Capacitat: 250ml<\/strong><\/p><p><em>No consumir per persones sota tractament anticoagulant.<\/em><\/p>\n\t\t\t\t\t<\/div>\n\t\t\t\t\t\t<\/div>\n\t\t\t\t<\/div>\n\t\t<div class=\"elementor-element elementor-element-95d98f3 e-con-full e-flex e-con e-child\" data-id=\"95d98f3\" data-element_type=\"container\">\n\t\t\t\t<div class=\"elementor-element elementor-element-6d1738c elementor-widget elementor-widget-wd_button\" data-id=\"6d1738c\" data-element_type=\"widget\" data-widget_type=\"wd_button.default\">\n\t\t\t\t<div class=\"elementor-widget-container\">\n\t\t\t\t\t\t\t<div class=\"wd-button-wrapper text-left\" >\n\t\t\t<a class=\"btn btn-style-default btn-shape-semi-round btn-size-default btn-full-width btn-icon-pos-right\"  href=\"https:\/\/wa.me\/34622256411?text=Hola, estic interessat en el VI NEGRE AMB ALL NEGRE, 6 uts\" target=\"_blank\" style=\"--btn-color:#fff;\">\n\t\t\t\t<span class=\"wd-btn-text\" data-elementor-setting-key=\"text\">\n\t\t\t\t\tSol\u00b7licitar producte\t\t\t\t<\/span>\n\n\t\t\t\t\t\t\t\t\t<span class=\"wd-btn-icon\">\n\t\t\t\t\t\t<img loading=\"lazy\" decoding=\"async\" width=\"30\" height=\"30\" src=\"https:\/\/www.nonnapinaajonegro.com\/wp-content\/uploads\/2025\/04\/\u2014Pngtree\u2014white-whatsapp-icon-png_3562063-30x30.png\" class=\"attachment-30x30 size-30x30\" alt=\"\" srcset=\"https:\/\/www.nonnapinaajonegro.com\/wp-content\/uploads\/2025\/04\/\u2014Pngtree\u2014white-whatsapp-icon-png_3562063-30x30.png 30w, https:\/\/www.nonnapinaajonegro.com\/wp-content\/uploads\/2025\/04\/\u2014Pngtree\u2014white-whatsapp-icon-png_3562063-300x300.png 300w, https:\/\/www.nonnapinaajonegro.com\/wp-content\/uploads\/2025\/04\/\u2014Pngtree\u2014white-whatsapp-icon-png_3562063-800x800.png 800w, https:\/\/www.nonnapinaajonegro.com\/wp-content\/uploads\/2025\/04\/\u2014Pngtree\u2014white-whatsapp-icon-png_3562063-150x150.png 150w, https:\/\/www.nonnapinaajonegro.com\/wp-content\/uploads\/2025\/04\/\u2014Pngtree\u2014white-whatsapp-icon-png_3562063-768x768.png 768w, https:\/\/www.nonnapinaajonegro.com\/wp-content\/uploads\/2025\/04\/\u2014Pngtree\u2014white-whatsapp-icon-png_3562063-430x430.png 430w, https:\/\/www.nonnapinaajonegro.com\/wp-content\/uploads\/2025\/04\/\u2014Pngtree\u2014white-whatsapp-icon-png_3562063-700x700.png 700w, https:\/\/www.nonnapinaajonegro.com\/wp-content\/uploads\/2025\/04\/\u2014Pngtree\u2014white-whatsapp-icon-png_3562063-10x10.png 10w, https:\/\/www.nonnapinaajonegro.com\/wp-content\/uploads\/2025\/04\/\u2014Pngtree\u2014white-whatsapp-icon-png_3562063-35x35.png 35w, https:\/\/www.nonnapinaajonegro.com\/wp-content\/uploads\/2025\/04\/\u2014Pngtree\u2014white-whatsapp-icon-png_3562063-32x32.png 32w, https:\/\/www.nonnapinaajonegro.com\/wp-content\/uploads\/2025\/04\/\u2014Pngtree\u2014white-whatsapp-icon-png_3562063.png 1200w\" sizes=\"auto, (max-width: 30px) 100vw, 30px\" \/>\t\t\t\t\t<\/span>\n\t\t\t\t\t\t\t<\/a>\n\t\t<\/div>\n\t\t\t\t\t\t<\/div>\n\t\t\t\t<\/div>\n\t\t\t\t<\/div>\n\t\t<div class=\"elementor-element elementor-element-cb4e280 e-con-full e-flex e-con e-child\" data-id=\"cb4e280\" data-element_type=\"container\">\n\t\t\t\t<div class=\"elementor-element elementor-element-31dd5f8 elementor-widget elementor-widget-wd_button\" data-id=\"31dd5f8\" data-element_type=\"widget\" data-widget_type=\"wd_button.default\">\n\t\t\t\t<div class=\"elementor-widget-container\">\n\t\t\t\t\t\t\t<div class=\"wd-button-wrapper text-left\" >\n\t\t\t<a class=\"btn btn-style-default btn-shape-semi-round btn-size-default btn-full-width btn-icon-pos-right\"  href=\"https:\/\/wa.me\/34622256411?text=Hola, s\u00f2c majorista, estic interessat en el VI NEGRE AMB ALL NEGRE, 6 uts\" target=\"_blank\">\n\t\t\t\t<span class=\"wd-btn-text\" data-elementor-setting-key=\"text\">\n\t\t\t\t\tSOL\u00b7LICITAR PRODUCTE (per a majoristes)\t\t\t\t<\/span>\n\n\t\t\t\t\t\t\t\t\t<span class=\"wd-btn-icon\">\n\t\t\t\t\t\t<img loading=\"lazy\" decoding=\"async\" width=\"22\" height=\"22\" src=\"https:\/\/www.nonnapinaajonegro.com\/wp-content\/uploads\/2025\/04\/whatsapp-22x22.png\" class=\"attachment-22x22 size-22x22\" alt=\"\" srcset=\"https:\/\/www.nonnapinaajonegro.com\/wp-content\/uploads\/2025\/04\/whatsapp-22x22.png 22w, https:\/\/www.nonnapinaajonegro.com\/wp-content\/uploads\/2025\/04\/whatsapp-300x300.png 300w, https:\/\/www.nonnapinaajonegro.com\/wp-content\/uploads\/2025\/04\/whatsapp-150x150.png 150w, https:\/\/www.nonnapinaajonegro.com\/wp-content\/uploads\/2025\/04\/whatsapp-430x430.png 430w, https:\/\/www.nonnapinaajonegro.com\/wp-content\/uploads\/2025\/04\/whatsapp-30x30.png 30w, https:\/\/www.nonnapinaajonegro.com\/wp-content\/uploads\/2025\/04\/whatsapp-28x28.png 28w, https:\/\/www.nonnapinaajonegro.com\/wp-content\/uploads\/2025\/04\/whatsapp-20x20.png 20w, https:\/\/www.nonnapinaajonegro.com\/wp-content\/uploads\/2025\/04\/whatsapp-24x24.png 24w, https:\/\/www.nonnapinaajonegro.com\/wp-content\/uploads\/2025\/04\/whatsapp-23x23.png 23w, https:\/\/www.nonnapinaajonegro.com\/wp-content\/uploads\/2025\/04\/whatsapp-21x21.png 21w, https:\/\/www.nonnapinaajonegro.com\/wp-content\/uploads\/2025\/04\/whatsapp.png 512w\" sizes=\"auto, (max-width: 22px) 100vw, 22px\" \/>\t\t\t\t\t<\/span>\n\t\t\t\t\t\t\t<\/a>\n\t\t<\/div>\n\t\t\t\t\t\t<\/div>\n\t\t\t\t<\/div>\n\t\t\t\t<\/div>\n\t\t\t\t<\/div>\n\t\t\t\t<\/div>\n\t\t\t\t\t<\/div>\n\t\t\t\t<\/div>\n\t\t<div class=\"wd-negative-gap elementor-element elementor-element-344af89 e-flex e-con-boxed e-con e-parent\" data-id=\"344af89\" data-element_type=\"container\">\n\t\t\t\t\t<div class=\"e-con-inner\">\n\t\t<div class=\"elementor-element elementor-element-8d025ac e-con-full e-flex e-con e-child\" data-id=\"8d025ac\" data-element_type=\"container\">\n\t\t\t\t<div class=\"elementor-element elementor-element-cb0e26e elementor-view-default elementor-position-top elementor-mobile-position-top elementor-widget elementor-widget-icon-box\" data-id=\"cb0e26e\" data-element_type=\"widget\" data-widget_type=\"icon-box.default\">\n\t\t\t\t<div class=\"elementor-widget-container\">\n\t\t\t\t\t\t\t<div class=\"elementor-icon-box-wrapper\">\n\n\t\t\t\t\t\t<div class=\"elementor-icon-box-icon\">\n\t\t\t\t<a href=\"https:\/\/www.nonnapinaajonegro.com\/ca\/productos\/\" class=\"elementor-icon\" tabindex=\"-1\">\n\t\t\t\t<svg aria-hidden=\"true\" class=\"e-font-icon-svg e-fas-arrow-left\" viewbox=\"0 0 448 512\" xmlns=\"http:\/\/www.w3.org\/2000\/svg\"><path d=\"M257.5 445.1l-22.2 22.2c-9.4 9.4-24.6 9.4-33.9 0L7 273c-9.4-9.4-9.4-24.6 0-33.9L201.4 44.7c9.4-9.4 24.6-9.4 33.9 0l22.2 22.2c9.5 9.5 9.3 25-.4 34.3L136.6 216H424c13.3 0 24 10.7 24 24v32c0 13.3-10.7 24-24 24H136.6l120.5 114.8c9.8 9.3 10 24.8.4 34.3z\"><\/path><\/svg>\t\t\t\t<\/a>\n\t\t\t<\/div>\n\t\t\t\n\t\t\t\t\t\t<div class=\"elementor-icon-box-content\">\n\n\t\t\t\t\n\t\t\t\t\t\t\t\t\t<p class=\"elementor-icon-box-description\">\n\t\t\t\t\t\tTornar a productes\t\t\t\t\t<\/p>\n\t\t\t\t\n\t\t\t<\/div>\n\t\t\t\n\t\t<\/div>\n\t\t\t\t\t\t<\/div>\n\t\t\t\t<\/div>\n\t\t\t\t<\/div>\n\t\t\t\t\t<\/div>\n\t\t\t\t<\/div>\n\t\t\t\t<\/div>","protected":false},"excerpt":{"rendered":"<p>VINO TINTO CON AJO NEGRO, 6 UNIDADES 81,00 \u20ac El precio tiene un 10% de descuento. Vino tinto con Ajo<\/p>","protected":false},"author":1,"featured_media":0,"parent":0,"menu_order":0,"comment_status":"closed","ping_status":"closed","template":"","meta":{"footnotes":""},"class_list":["post-34900","page","type-page","status-publish","hentry"],"yoast_head":"<!-- This site is optimized with the Yoast SEO plugin v24.9 - https:\/\/yoast.com\/wordpress\/plugins\/seo\/ -->\n<title>Vino tinto con Ajo Negro, 6 uds - Nonna Pina Ajo Negro<\/title>\n<meta name=\"description\" content=\"Vino tinto con Ajo Negro es un producto 100% natural. Un autentico elixir que combina todos los beneficios nutricionales del AJO NEGRO.\" \/>\n<meta name=\"robots\" content=\"index, follow, max-snippet:-1, max-image-preview:large, max-video-preview:-1\" \/>\n<link rel=\"canonical\" href=\"https:\/\/www.nonnapinaajonegro.com\/ca\/vino-tinto-con-ajo-negro-6-uds\/\" \/>\n<meta property=\"og:locale\" content=\"ca_ES\" \/>\n<meta property=\"og:type\" content=\"article\" \/>\n<meta property=\"og:title\" content=\"Vino tinto con Ajo Negro, 6 uds - Nonna Pina Ajo Negro\" \/>\n<meta property=\"og:description\" content=\"Vino tinto con Ajo Negro es un producto 100% natural. Un autentico elixir que combina todos los beneficios nutricionales del AJO NEGRO.\" \/>\n<meta property=\"og:url\" content=\"https:\/\/www.nonnapinaajonegro.com\/ca\/vino-tinto-con-ajo-negro-6-uds\/\" \/>\n<meta property=\"og:site_name\" content=\"Nonna Pina Ajo Negro\" \/>\n<meta property=\"article:publisher\" content=\"https:\/\/www.facebook.com\/p\/Ajo-Negro-Nonna-Pina-100063647813861\/yoast\" \/>\n<meta property=\"article:modified_time\" content=\"2025-04-12T08:58:44+00:00\" \/>\n<meta property=\"og:image\" content=\"https:\/\/www.nonnapinaajonegro.com\/wp-content\/uploads\/2025\/04\/vinotinto6u.jpg\" \/>\n<meta name=\"twitter:card\" content=\"summary_large_image\" \/>\n<meta name=\"twitter:label1\" content=\"Temps estimat de lectura\" \/>\n\t<meta name=\"twitter:data1\" content=\"2 minuts\" \/>\n<script type=\"application\/ld+json\" class=\"yoast-schema-graph\">{\"@context\":\"https:\/\/schema.org\",\"@graph\":[{\"@type\":\"WebPage\",\"@id\":\"https:\/\/www.nonnapinaajonegro.com\/vino-tinto-con-ajo-negro-6-uds\/\",\"url\":\"https:\/\/www.nonnapinaajonegro.com\/vino-tinto-con-ajo-negro-6-uds\/\",\"name\":\"Vino tinto con Ajo Negro, 6 uds - Nonna Pina Ajo Negro\",\"isPartOf\":{\"@id\":\"https:\/\/www.nonnapinaajonegro.com\/#website\"},\"primaryImageOfPage\":{\"@id\":\"https:\/\/www.nonnapinaajonegro.com\/vino-tinto-con-ajo-negro-6-uds\/#primaryimage\"},\"image\":{\"@id\":\"https:\/\/www.nonnapinaajonegro.com\/vino-tinto-con-ajo-negro-6-uds\/#primaryimage\"},\"thumbnailUrl\":\"https:\/\/www.nonnapinaajonegro.com\/wp-content\/uploads\/2025\/04\/vinotinto6u.jpg\",\"datePublished\":\"2025-04-05T09:35:20+00:00\",\"dateModified\":\"2025-04-12T08:58:44+00:00\",\"description\":\"Vino tinto con Ajo Negro es un producto 100% natural. Un autentico elixir que combina todos los beneficios nutricionales del AJO NEGRO.\",\"breadcrumb\":{\"@id\":\"https:\/\/www.nonnapinaajonegro.com\/vino-tinto-con-ajo-negro-6-uds\/#breadcrumb\"},\"inLanguage\":\"ca\",\"potentialAction\":[{\"@type\":\"ReadAction\",\"target\":[\"https:\/\/www.nonnapinaajonegro.com\/vino-tinto-con-ajo-negro-6-uds\/\"]}]},{\"@type\":\"ImageObject\",\"inLanguage\":\"ca\",\"@id\":\"https:\/\/www.nonnapinaajonegro.com\/vino-tinto-con-ajo-negro-6-uds\/#primaryimage\",\"url\":\"https:\/\/www.nonnapinaajonegro.com\/wp-content\/uploads\/2025\/04\/vinotinto6u.jpg\",\"contentUrl\":\"https:\/\/www.nonnapinaajonegro.com\/wp-content\/uploads\/2025\/04\/vinotinto6u.jpg\"},{\"@type\":\"BreadcrumbList\",\"@id\":\"https:\/\/www.nonnapinaajonegro.com\/vino-tinto-con-ajo-negro-6-uds\/#breadcrumb\",\"itemListElement\":[{\"@type\":\"ListItem\",\"position\":1,\"name\":\"Home\",\"item\":\"https:\/\/www.nonnapinaajonegro.com\/\"},{\"@type\":\"ListItem\",\"position\":2,\"name\":\"Vino tinto con Ajo Negro, 6 uds\"}]},{\"@type\":\"WebSite\",\"@id\":\"https:\/\/www.nonnapinaajonegro.com\/#website\",\"url\":\"https:\/\/www.nonnapinaajonegro.com\/\",\"name\":\"Nonna Pina Ajo Negro\",\"description\":\"\",\"publisher\":{\"@id\":\"https:\/\/www.nonnapinaajonegro.com\/#organization\"},\"potentialAction\":[{\"@type\":\"SearchAction\",\"target\":{\"@type\":\"EntryPoint\",\"urlTemplate\":\"https:\/\/www.nonnapinaajonegro.com\/?s={search_term_string}\"},\"query-input\":{\"@type\":\"PropertyValueSpecification\",\"valueRequired\":true,\"valueName\":\"search_term_string\"}}],\"inLanguage\":\"ca\"},{\"@type\":\"Organization\",\"@id\":\"https:\/\/www.nonnapinaajonegro.com\/#organization\",\"name\":\"Nonna Pina Ajo Negro\",\"url\":\"https:\/\/www.nonnapinaajonegro.com\/\",\"logo\":{\"@type\":\"ImageObject\",\"inLanguage\":\"ca\",\"@id\":\"https:\/\/www.nonnapinaajonegro.com\/#\/schema\/logo\/image\/\",\"url\":\"https:\/\/www.nonnapinaajonegro.com\/wp-content\/uploads\/2025\/02\/Black-logo-no-background-orizzontale.png\",\"contentUrl\":\"https:\/\/www.nonnapinaajonegro.com\/wp-content\/uploads\/2025\/02\/Black-logo-no-background-orizzontale.png\",\"width\":2940,\"height\":1592,\"caption\":\"Nonna Pina Ajo Negro\"},\"image\":{\"@id\":\"https:\/\/www.nonnapinaajonegro.com\/#\/schema\/logo\/image\/\"},\"sameAs\":[\"https:\/\/www.facebook.com\/p\/Ajo-Negro-Nonna-Pina-100063647813861\/yoast\",\"https:\/\/www.instagram.com\/nonnapina.ajonegro\/yoast\"]}]}<\/script>\n<!-- \/ Yoast SEO plugin. -->","yoast_head_json":{"title":"Vino tinto con Ajo Negro, 6 uds - Nonna Pina Ajo Negro","description":"Vino tinto con Ajo Negro es un producto 100% natural. Un autentico elixir que combina todos los beneficios nutricionales del AJO NEGRO.","robots":{"index":"index","follow":"follow","max-snippet":"max-snippet:-1","max-image-preview":"max-image-preview:large","max-video-preview":"max-video-preview:-1"},"canonical":"https:\/\/www.nonnapinaajonegro.com\/ca\/vino-tinto-con-ajo-negro-6-uds\/","og_locale":"ca_ES","og_type":"article","og_title":"Vino tinto con Ajo Negro, 6 uds - Nonna Pina Ajo Negro","og_description":"Vino tinto con Ajo Negro es un producto 100% natural. Un autentico elixir que combina todos los beneficios nutricionales del AJO NEGRO.","og_url":"https:\/\/www.nonnapinaajonegro.com\/ca\/vino-tinto-con-ajo-negro-6-uds\/","og_site_name":"Nonna Pina Ajo Negro","article_publisher":"https:\/\/www.facebook.com\/p\/Ajo-Negro-Nonna-Pina-100063647813861\/yoast","article_modified_time":"2025-04-12T08:58:44+00:00","og_image":[{"url":"https:\/\/www.nonnapinaajonegro.com\/wp-content\/uploads\/2025\/04\/vinotinto6u.jpg","type":"","width":"","height":""}],"twitter_card":"summary_large_image","twitter_misc":{"Temps estimat de lectura":"2 minuts"},"schema":{"@context":"https:\/\/schema.org","@graph":[{"@type":"WebPage","@id":"https:\/\/www.nonnapinaajonegro.com\/vino-tinto-con-ajo-negro-6-uds\/","url":"https:\/\/www.nonnapinaajonegro.com\/vino-tinto-con-ajo-negro-6-uds\/","name":"Vino tinto con Ajo Negro, 6 uds - Nonna Pina Ajo Negro","isPartOf":{"@id":"https:\/\/www.nonnapinaajonegro.com\/#website"},"primaryImageOfPage":{"@id":"https:\/\/www.nonnapinaajonegro.com\/vino-tinto-con-ajo-negro-6-uds\/#primaryimage"},"image":{"@id":"https:\/\/www.nonnapinaajonegro.com\/vino-tinto-con-ajo-negro-6-uds\/#primaryimage"},"thumbnailUrl":"https:\/\/www.nonnapinaajonegro.com\/wp-content\/uploads\/2025\/04\/vinotinto6u.jpg","datePublished":"2025-04-05T09:35:20+00:00","dateModified":"2025-04-12T08:58:44+00:00","description":"Vino tinto con Ajo Negro es un producto 100% natural. Un autentico elixir que combina todos los beneficios nutricionales del AJO NEGRO.","breadcrumb":{"@id":"https:\/\/www.nonnapinaajonegro.com\/vino-tinto-con-ajo-negro-6-uds\/#breadcrumb"},"inLanguage":"ca","potentialAction":[{"@type":"ReadAction","target":["https:\/\/www.nonnapinaajonegro.com\/vino-tinto-con-ajo-negro-6-uds\/"]}]},{"@type":"ImageObject","inLanguage":"ca","@id":"https:\/\/www.nonnapinaajonegro.com\/vino-tinto-con-ajo-negro-6-uds\/#primaryimage","url":"https:\/\/www.nonnapinaajonegro.com\/wp-content\/uploads\/2025\/04\/vinotinto6u.jpg","contentUrl":"https:\/\/www.nonnapinaajonegro.com\/wp-content\/uploads\/2025\/04\/vinotinto6u.jpg"},{"@type":"BreadcrumbList","@id":"https:\/\/www.nonnapinaajonegro.com\/vino-tinto-con-ajo-negro-6-uds\/#breadcrumb","itemListElement":[{"@type":"ListItem","position":1,"name":"Home","item":"https:\/\/www.nonnapinaajonegro.com\/"},{"@type":"ListItem","position":2,"name":"Vino tinto con Ajo Negro, 6 uds"}]},{"@type":"WebSite","@id":"https:\/\/www.nonnapinaajonegro.com\/#website","url":"https:\/\/www.nonnapinaajonegro.com\/","name":"Nonna Pina Ajo Negro","description":"","publisher":{"@id":"https:\/\/www.nonnapinaajonegro.com\/#organization"},"potentialAction":[{"@type":"SearchAction","target":{"@type":"EntryPoint","urlTemplate":"https:\/\/www.nonnapinaajonegro.com\/?s={search_term_string}"},"query-input":{"@type":"PropertyValueSpecification","valueRequired":true,"valueName":"search_term_string"}}],"inLanguage":"ca"},{"@type":"Organization","@id":"https:\/\/www.nonnapinaajonegro.com\/#organization","name":"Nonna Pina Ajo Negro","url":"https:\/\/www.nonnapinaajonegro.com\/","logo":{"@type":"ImageObject","inLanguage":"ca","@id":"https:\/\/www.nonnapinaajonegro.com\/#\/schema\/logo\/image\/","url":"https:\/\/www.nonnapinaajonegro.com\/wp-content\/uploads\/2025\/02\/Black-logo-no-background-orizzontale.png","contentUrl":"https:\/\/www.nonnapinaajonegro.com\/wp-content\/uploads\/2025\/02\/Black-logo-no-background-orizzontale.png","width":2940,"height":1592,"caption":"Nonna Pina Ajo Negro"},"image":{"@id":"https:\/\/www.nonnapinaajonegro.com\/#\/schema\/logo\/image\/"},"sameAs":["https:\/\/www.facebook.com\/p\/Ajo-Negro-Nonna-Pina-100063647813861\/yoast","https:\/\/www.instagram.com\/nonnapina.ajonegro\/yoast"]}]}},"_links":{"self":[{"href":"https:\/\/www.nonnapinaajonegro.com\/ca\/wp-json\/wp\/v2\/pages\/34900","targetHints":{"allow":["GET"]}}],"collection":[{"href":"https:\/\/www.nonnapinaajonegro.com\/ca\/wp-json\/wp\/v2\/pages"}],"about":[{"href":"https:\/\/www.nonnapinaajonegro.com\/ca\/wp-json\/wp\/v2\/types\/page"}],"author":[{"embeddable":true,"href":"https:\/\/www.nonnapinaajonegro.com\/ca\/wp-json\/wp\/v2\/users\/1"}],"replies":[{"embeddable":true,"href":"https:\/\/www.nonnapinaajonegro.com\/ca\/wp-json\/wp\/v2\/comments?post=34900"}],"version-history":[{"count":29,"href":"https:\/\/www.nonnapinaajonegro.com\/ca\/wp-json\/wp\/v2\/pages\/34900\/revisions"}],"predecessor-version":[{"id":35759,"href":"https:\/\/www.nonnapinaajonegro.com\/ca\/wp-json\/wp\/v2\/pages\/34900\/revisions\/35759"}],"wp:attachment":[{"href":"https:\/\/www.nonnapinaajonegro.com\/ca\/wp-json\/wp\/v2\/media?parent=34900"}],"curies":[{"name":"wp","href":"https:\/\/api.w.org\/{rel}","templated":true}]}}