{"id":35177,"date":"2025-04-05T19:32:20","date_gmt":"2025-04-05T17:32:20","guid":{"rendered":"https:\/\/www.nonnapinaajonegro.com\/?page_id=35177"},"modified":"2025-04-10T12:22:39","modified_gmt":"2025-04-10T10:22:39","slug":"envio-y-devoluciones","status":"publish","type":"page","link":"https:\/\/www.nonnapinaajonegro.com\/ca\/envio-y-devoluciones\/","title":{"rendered":"Envio y devoluciones"},"content":{"rendered":"<p>NONNA PINA AJO NEGRO FERMENTADO es compromet al lliurament dels productes comprats per l'usuari dins el termini m\u00e0xim de 72 hores des de la remissi\u00f3 del correu electr\u00f2nic confirmatori de la comanda. El lliurament es realitzar\u00e0 al domicili designat per l'usuari (comprador) al formulari de comanda, que ser\u00e0 responsable de qualsevol error que hi figuri que impedeixi el lliurament correcte dels productes.<\/p><p><strong>Desistiment i devoluci\u00f3 de productes<\/strong><\/p><p>El comprador pot desistir del contracte, en qualsevol moment i per qualsevol causa, dins el termini de set dies des de la recepci\u00f3 del producte. Amb aquesta finalitat, haur\u00e0 de posar-se en contacte, dins aquest termini, amb el titular de la p\u00e0gina web, b\u00e9 a trav\u00e9s de l'adre\u00e7a de correu electr\u00f2nic info@nonnapinaajonegro.com per tal de notificar-li la seva voluntat de desistir del contracte i haur\u00e0 de procedir a enviar la mercaderia a l'adre\u00e7a postal: Carrer Oriente, 55, 17006, Girona (Espanya) de forma immediata. Les despeses d'enviament generades a conseq\u00fc\u00e8ncia de la devoluci\u00f3 per desistiment s\u00f3n a c\u00e0rrec i a compte del comprador en tots els casos. Una vegada rebuda la mercaderia, es procedir\u00e0 a comprovar-ne l'estat, i es procedir\u00e0 a tornar el preu dels productes, \u00fanicament en el cas que els articles tornats es trobin en perfecte estat. La devoluci\u00f3 del preu dels productes tornats s'ha de fer dins el termini de deu dies des de la recepci\u00f3 de la mercaderia i una vegada efectuada la comprovaci\u00f3 de l'estat de la mercaderia. En el sup\u00f2sit que els articles adquirits es trobin en mal estat o siguin defectuosos o b\u00e9 el paquet es trobi deteriorat o en mal estat, el comprador ha de posar-se en contacte amb NONNA PINA AJO NEGRO FERMENTADO dins del termini de 24 hores des de la recepci\u00f3 del producte, comunicant tal circumst\u00e0ncia a NONNA PINA AJO NEGRO FERMENTADO realitzar\u00e0 les gestions oportunes per reempla\u00e7ar-lo per un de nou sense cap c\u00e0rrec addicional o per a la devoluci\u00f3 de l'import de la compra i de les despeses d'enviament si \u00e9s el cas en un termini m\u00e0xim de deu dies. En aquest sup\u00f2sit, les despeses d'enviament generades a conseq\u00fc\u00e8ncia de la devoluci\u00f3 del producte defectu\u00f3s seran assumides per NONNA PINA AJO NEGRO FERMENTADO. Els productes s'envien sempre perfectament embalats, de manera que, si el paquet es rep amb desperfectes, trencaments o defectes, el comprador haur\u00e0 de fer-los constar a l'albar\u00e0 de lliurament i notificar-ho al venedor en el termini i forma anteriorment assenyalat per tal de ser rescabalat en el termini m\u00e0xim de deu dies des de la devoluci\u00f3 del producte.<\/p>","protected":false},"excerpt":{"rendered":"<p>NONNA PINA AJO NEGRO FERMENTADO se compromete a la entrega de los productos comprados por el usuario dentro del plazo<\/p>","protected":false},"author":1,"featured_media":0,"parent":0,"menu_order":0,"comment_status":"closed","ping_status":"closed","template":"","meta":{"footnotes":""},"class_list":["post-35177","page","type-page","status-publish","hentry"],"yoast_head":"<!-- This site is optimized with the Yoast SEO plugin v24.9 - https:\/\/yoast.com\/wordpress\/plugins\/seo\/ -->\n<title>Envio y devoluciones - Nonna Pina Ajo Negro<\/title>\n<meta name=\"description\" content=\"NONNA PINA AJO NEGRO FERMENTADO se compromete a la entrega de los productos comprados por el usuario dentro del plazo m\u00e1ximo de 72 horas...\" \/>\n<meta name=\"robots\" content=\"index, follow, max-snippet:-1, max-image-preview:large, max-video-preview:-1\" \/>\n<link rel=\"canonical\" href=\"https:\/\/www.nonnapinaajonegro.com\/ca\/envio-y-devoluciones\/\" \/>\n<meta property=\"og:locale\" content=\"ca_ES\" \/>\n<meta property=\"og:type\" content=\"article\" \/>\n<meta property=\"og:title\" content=\"Envio y devoluciones - Nonna Pina Ajo Negro\" \/>\n<meta property=\"og:description\" content=\"NONNA PINA AJO NEGRO FERMENTADO se compromete a la entrega de los productos comprados por el usuario dentro del plazo m\u00e1ximo de 72 horas...\" \/>\n<meta property=\"og:url\" content=\"https:\/\/www.nonnapinaajonegro.com\/ca\/envio-y-devoluciones\/\" \/>\n<meta property=\"og:site_name\" content=\"Nonna Pina Ajo Negro\" \/>\n<meta property=\"article:publisher\" content=\"https:\/\/www.facebook.com\/p\/Ajo-Negro-Nonna-Pina-100063647813861\/yoast\" \/>\n<meta property=\"article:modified_time\" content=\"2025-04-10T10:22:39+00:00\" \/>\n<meta name=\"twitter:card\" content=\"summary_large_image\" \/>\n<meta name=\"twitter:label1\" content=\"Temps estimat de lectura\" \/>\n\t<meta name=\"twitter:data1\" content=\"3 minuts\" \/>\n<script type=\"application\/ld+json\" class=\"yoast-schema-graph\">{\"@context\":\"https:\/\/schema.org\",\"@graph\":[{\"@type\":\"WebPage\",\"@id\":\"https:\/\/www.nonnapinaajonegro.com\/envio-y-devoluciones\/\",\"url\":\"https:\/\/www.nonnapinaajonegro.com\/envio-y-devoluciones\/\",\"name\":\"Envio y devoluciones - Nonna Pina Ajo Negro\",\"isPartOf\":{\"@id\":\"https:\/\/www.nonnapinaajonegro.com\/#website\"},\"datePublished\":\"2025-04-05T17:32:20+00:00\",\"dateModified\":\"2025-04-10T10:22:39+00:00\",\"description\":\"NONNA PINA AJO NEGRO FERMENTADO se compromete a la entrega de los productos comprados por el usuario dentro del plazo m\u00e1ximo de 72 horas...\",\"breadcrumb\":{\"@id\":\"https:\/\/www.nonnapinaajonegro.com\/envio-y-devoluciones\/#breadcrumb\"},\"inLanguage\":\"ca\",\"potentialAction\":[{\"@type\":\"ReadAction\",\"target\":[\"https:\/\/www.nonnapinaajonegro.com\/envio-y-devoluciones\/\"]}]},{\"@type\":\"BreadcrumbList\",\"@id\":\"https:\/\/www.nonnapinaajonegro.com\/envio-y-devoluciones\/#breadcrumb\",\"itemListElement\":[{\"@type\":\"ListItem\",\"position\":1,\"name\":\"Home\",\"item\":\"https:\/\/www.nonnapinaajonegro.com\/\"},{\"@type\":\"ListItem\",\"position\":2,\"name\":\"Envio y devoluciones\"}]},{\"@type\":\"WebSite\",\"@id\":\"https:\/\/www.nonnapinaajonegro.com\/#website\",\"url\":\"https:\/\/www.nonnapinaajonegro.com\/\",\"name\":\"Nonna Pina Ajo Negro\",\"description\":\"\",\"publisher\":{\"@id\":\"https:\/\/www.nonnapinaajonegro.com\/#organization\"},\"potentialAction\":[{\"@type\":\"SearchAction\",\"target\":{\"@type\":\"EntryPoint\",\"urlTemplate\":\"https:\/\/www.nonnapinaajonegro.com\/?s={search_term_string}\"},\"query-input\":{\"@type\":\"PropertyValueSpecification\",\"valueRequired\":true,\"valueName\":\"search_term_string\"}}],\"inLanguage\":\"ca\"},{\"@type\":\"Organization\",\"@id\":\"https:\/\/www.nonnapinaajonegro.com\/#organization\",\"name\":\"Nonna Pina Ajo Negro\",\"url\":\"https:\/\/www.nonnapinaajonegro.com\/\",\"logo\":{\"@type\":\"ImageObject\",\"inLanguage\":\"ca\",\"@id\":\"https:\/\/www.nonnapinaajonegro.com\/#\/schema\/logo\/image\/\",\"url\":\"https:\/\/www.nonnapinaajonegro.com\/wp-content\/uploads\/2025\/02\/Black-logo-no-background-orizzontale.png\",\"contentUrl\":\"https:\/\/www.nonnapinaajonegro.com\/wp-content\/uploads\/2025\/02\/Black-logo-no-background-orizzontale.png\",\"width\":2940,\"height\":1592,\"caption\":\"Nonna Pina Ajo Negro\"},\"image\":{\"@id\":\"https:\/\/www.nonnapinaajonegro.com\/#\/schema\/logo\/image\/\"},\"sameAs\":[\"https:\/\/www.facebook.com\/p\/Ajo-Negro-Nonna-Pina-100063647813861\/yoast\",\"https:\/\/www.instagram.com\/nonnapina.ajonegro\/yoast\"]}]}<\/script>\n<!-- \/ Yoast SEO plugin. -->","yoast_head_json":{"title":"Envio y devoluciones - Nonna Pina Ajo Negro","description":"NONNA PINA AJO NEGRO FERMENTADO se compromete a la entrega de los productos comprados por el usuario dentro del plazo m\u00e1ximo de 72 horas...","robots":{"index":"index","follow":"follow","max-snippet":"max-snippet:-1","max-image-preview":"max-image-preview:large","max-video-preview":"max-video-preview:-1"},"canonical":"https:\/\/www.nonnapinaajonegro.com\/ca\/envio-y-devoluciones\/","og_locale":"ca_ES","og_type":"article","og_title":"Envio y devoluciones - Nonna Pina Ajo Negro","og_description":"NONNA PINA AJO NEGRO FERMENTADO se compromete a la entrega de los productos comprados por el usuario dentro del plazo m\u00e1ximo de 72 horas...","og_url":"https:\/\/www.nonnapinaajonegro.com\/ca\/envio-y-devoluciones\/","og_site_name":"Nonna Pina Ajo Negro","article_publisher":"https:\/\/www.facebook.com\/p\/Ajo-Negro-Nonna-Pina-100063647813861\/yoast","article_modified_time":"2025-04-10T10:22:39+00:00","twitter_card":"summary_large_image","twitter_misc":{"Temps estimat de lectura":"3 minuts"},"schema":{"@context":"https:\/\/schema.org","@graph":[{"@type":"WebPage","@id":"https:\/\/www.nonnapinaajonegro.com\/envio-y-devoluciones\/","url":"https:\/\/www.nonnapinaajonegro.com\/envio-y-devoluciones\/","name":"Envio y devoluciones - Nonna Pina Ajo Negro","isPartOf":{"@id":"https:\/\/www.nonnapinaajonegro.com\/#website"},"datePublished":"2025-04-05T17:32:20+00:00","dateModified":"2025-04-10T10:22:39+00:00","description":"NONNA PINA AJO NEGRO FERMENTADO se compromete a la entrega de los productos comprados por el usuario dentro del plazo m\u00e1ximo de 72 horas...","breadcrumb":{"@id":"https:\/\/www.nonnapinaajonegro.com\/envio-y-devoluciones\/#breadcrumb"},"inLanguage":"ca","potentialAction":[{"@type":"ReadAction","target":["https:\/\/www.nonnapinaajonegro.com\/envio-y-devoluciones\/"]}]},{"@type":"BreadcrumbList","@id":"https:\/\/www.nonnapinaajonegro.com\/envio-y-devoluciones\/#breadcrumb","itemListElement":[{"@type":"ListItem","position":1,"name":"Home","item":"https:\/\/www.nonnapinaajonegro.com\/"},{"@type":"ListItem","position":2,"name":"Envio y devoluciones"}]},{"@type":"WebSite","@id":"https:\/\/www.nonnapinaajonegro.com\/#website","url":"https:\/\/www.nonnapinaajonegro.com\/","name":"Nonna Pina Ajo Negro","description":"","publisher":{"@id":"https:\/\/www.nonnapinaajonegro.com\/#organization"},"potentialAction":[{"@type":"SearchAction","target":{"@type":"EntryPoint","urlTemplate":"https:\/\/www.nonnapinaajonegro.com\/?s={search_term_string}"},"query-input":{"@type":"PropertyValueSpecification","valueRequired":true,"valueName":"search_term_string"}}],"inLanguage":"ca"},{"@type":"Organization","@id":"https:\/\/www.nonnapinaajonegro.com\/#organization","name":"Nonna Pina Ajo Negro","url":"https:\/\/www.nonnapinaajonegro.com\/","logo":{"@type":"ImageObject","inLanguage":"ca","@id":"https:\/\/www.nonnapinaajonegro.com\/#\/schema\/logo\/image\/","url":"https:\/\/www.nonnapinaajonegro.com\/wp-content\/uploads\/2025\/02\/Black-logo-no-background-orizzontale.png","contentUrl":"https:\/\/www.nonnapinaajonegro.com\/wp-content\/uploads\/2025\/02\/Black-logo-no-background-orizzontale.png","width":2940,"height":1592,"caption":"Nonna Pina Ajo Negro"},"image":{"@id":"https:\/\/www.nonnapinaajonegro.com\/#\/schema\/logo\/image\/"},"sameAs":["https:\/\/www.facebook.com\/p\/Ajo-Negro-Nonna-Pina-100063647813861\/yoast","https:\/\/www.instagram.com\/nonnapina.ajonegro\/yoast"]}]}},"_links":{"self":[{"href":"https:\/\/www.nonnapinaajonegro.com\/ca\/wp-json\/wp\/v2\/pages\/35177","targetHints":{"allow":["GET"]}}],"collection":[{"href":"https:\/\/www.nonnapinaajonegro.com\/ca\/wp-json\/wp\/v2\/pages"}],"about":[{"href":"https:\/\/www.nonnapinaajonegro.com\/ca\/wp-json\/wp\/v2\/types\/page"}],"author":[{"embeddable":true,"href":"https:\/\/www.nonnapinaajonegro.com\/ca\/wp-json\/wp\/v2\/users\/1"}],"replies":[{"embeddable":true,"href":"https:\/\/www.nonnapinaajonegro.com\/ca\/wp-json\/wp\/v2\/comments?post=35177"}],"version-history":[{"count":2,"href":"https:\/\/www.nonnapinaajonegro.com\/ca\/wp-json\/wp\/v2\/pages\/35177\/revisions"}],"predecessor-version":[{"id":35179,"href":"https:\/\/www.nonnapinaajonegro.com\/ca\/wp-json\/wp\/v2\/pages\/35177\/revisions\/35179"}],"wp:attachment":[{"href":"https:\/\/www.nonnapinaajonegro.com\/ca\/wp-json\/wp\/v2\/media?parent=35177"}],"curies":[{"name":"wp","href":"https:\/\/api.w.org\/{rel}","templated":true}]}}