{"id":4400,"date":"2021-10-12T15:51:09","date_gmt":"2021-10-12T15:51:09","guid":{"rendered":"http:\/\/dummy.xtemos.com\/woodmart2\/elementor\/?page_id=4400"},"modified":"2025-04-10T12:38:07","modified_gmt":"2025-04-10T10:38:07","slug":"quien-somos","status":"publish","type":"page","link":"https:\/\/www.nonnapinaajonegro.com\/ca\/quien-somos\/","title":{"rendered":"Qui som"},"content":{"rendered":"<div data-elementor-type=\"wp-page\" data-elementor-id=\"4400\" class=\"elementor elementor-4400\">\n\t\t\t\t<div class=\"wd-negative-gap elementor-element elementor-element-0b0b52b e-flex e-con-boxed e-con e-parent\" data-id=\"0b0b52b\" data-element_type=\"container\">\n\t\t\t\t\t<div class=\"e-con-inner\">\n\t\t\t\t<div class=\"elementor-element elementor-element-48ffa6b elementor-widget elementor-widget-spacer\" data-id=\"48ffa6b\" data-element_type=\"widget\" data-widget_type=\"spacer.default\">\n\t\t\t\t<div class=\"elementor-widget-container\">\n\t\t\t\t\t\t\t<div class=\"elementor-spacer\">\n\t\t\t<div class=\"elementor-spacer-inner\"><\/div>\n\t\t<\/div>\n\t\t\t\t\t\t<\/div>\n\t\t\t\t<\/div>\n\t\t\t\t\t<\/div>\n\t\t\t\t<\/div>\n\t\t<div class=\"wd-negative-gap elementor-element elementor-element-7c7c544 elementor-hidden-tablet elementor-hidden-mobile e-flex e-con-boxed e-con e-parent\" data-id=\"7c7c544\" data-element_type=\"container\">\n\t\t\t\t\t<div class=\"e-con-inner\">\n\t\t<div class=\"elementor-element elementor-element-e7cb5cd e-con-full e-flex e-con e-child\" data-id=\"e7cb5cd\" data-element_type=\"container\">\n\t\t\t\t<div class=\"elementor-element elementor-element-56aec39 elementor-widget elementor-widget-wd_image_or_svg\" data-id=\"56aec39\" data-element_type=\"widget\" data-widget_type=\"wd_image_or_svg.default\">\n\t\t\t\t<div class=\"elementor-widget-container\">\n\t\t\t\t\t\n\t\t<div class=\"wd-image text-left\">\n\t\t\t\t\t\t\t\t<img loading=\"lazy\" decoding=\"async\" width=\"1442\" height=\"1200\" src=\"https:\/\/www.nonnapinaajonegro.com\/wp-content\/uploads\/2025\/04\/Black-Garlic-Chili-Oil-Noodles-Step1-1024x576-1.jpg\" class=\"attachment-full size-full\" alt=\"\" srcset=\"https:\/\/www.nonnapinaajonegro.com\/wp-content\/uploads\/2025\/04\/Black-Garlic-Chili-Oil-Noodles-Step1-1024x576-1.jpg 1442w, https:\/\/www.nonnapinaajonegro.com\/wp-content\/uploads\/2025\/04\/Black-Garlic-Chili-Oil-Noodles-Step1-1024x576-1-361x300.jpg 361w, https:\/\/www.nonnapinaajonegro.com\/wp-content\/uploads\/2025\/04\/Black-Garlic-Chili-Oil-Noodles-Step1-1024x576-1-961x800.jpg 961w, https:\/\/www.nonnapinaajonegro.com\/wp-content\/uploads\/2025\/04\/Black-Garlic-Chili-Oil-Noodles-Step1-1024x576-1-768x639.jpg 768w, https:\/\/www.nonnapinaajonegro.com\/wp-content\/uploads\/2025\/04\/Black-Garlic-Chili-Oil-Noodles-Step1-1024x576-1-430x358.jpg 430w, https:\/\/www.nonnapinaajonegro.com\/wp-content\/uploads\/2025\/04\/Black-Garlic-Chili-Oil-Noodles-Step1-1024x576-1-700x583.jpg 700w, https:\/\/www.nonnapinaajonegro.com\/wp-content\/uploads\/2025\/04\/Black-Garlic-Chili-Oil-Noodles-Step1-1024x576-1-150x125.jpg 150w\" sizes=\"auto, (max-width: 1442px) 100vw, 1442px\" \/>\t\t\t\t\t<\/div>\n\n\t\t\t\t\t\t<\/div>\n\t\t\t\t<\/div>\n\t\t\t\t<\/div>\n\t\t<div class=\"elementor-element elementor-element-97d6084 e-con-full e-flex e-con e-child\" data-id=\"97d6084\" data-element_type=\"container\">\n\t\t\t\t<div class=\"elementor-element elementor-element-98d830b wd-width-100 elementor-widget elementor-widget-wd_title\" data-id=\"98d830b\" data-element_type=\"widget\" data-widget_type=\"wd_title.default\">\n\t\t\t\t<div class=\"elementor-widget-container\">\n\t\t\t\t\t\t\t<div class=\"title-wrapper wd-set-mb reset-last-child wd-title-color-primary wd-title-style-default wd-title-size-large text-left\">\n\n\t\t\t\n\t\t\t<div class=\"liner-continer\">\n\t\t\t\t<h4 class=\"woodmart-title-container title wd-fontsize-xxl\"><\/h4> \n\t\t\t\t\t\t\t<\/div>\n\n\t\t\t\t\t\t\t<div class=\"title-after_title reset-last-child wd-fontsize-s\">\n\t\t\t\t\t<p><span style=\"color: #000000\">NonnaPina AioNegro \u00e9s un projecte pioner que neix a Cali -Col\u00f2mbia- l'any 2016 de la trobada d'idees de Tommaso i M\u00f3nica per contribuir a la salut general de les persones d'una manera natural donant a con\u00e8ixer i convidant a consumir l'All Negre, complement alimentari amb m\u00faltiples beneficis a la salut.<\/span><\/p>\t\t\t\t<\/div>\n\t\t\t\t\t<\/div>\n\t\t\t\t\t\t<\/div>\n\t\t\t\t<\/div>\n\t\t\t\t<div class=\"elementor-element elementor-element-66e47ad elementor-widget elementor-widget-wd_text_block\" data-id=\"66e47ad\" data-element_type=\"widget\" data-widget_type=\"wd_text_block.default\">\n\t\t\t\t<div class=\"elementor-widget-container\">\n\t\t\t\t\t\t\t<div class=\"wd-text-block reset-last-child text-left\">\n\t\t\t\n\t\t\t<p style=\"font-family: 'Lato', sans-serif; color: black;\">\n    Els productes NonnaPina AioNegro s\u00f3c el resultat de la constant investigaci\u00f3 i comparaci\u00f3 amb experts de les diverses entitats que han contribu\u00eft al desenvolupament del projecte NonnaPina AioNegro (Universitat de la Vall departament de qu\u00edmica - Cambra de Comer\u00e7 de Cali - Governaci\u00f3 de la Vall - Alcaldia de Cali Secret\u00e0ria de Turisme - Fundaci\u00f3 Famevida).\n<\/p>\n<p style=\"font-family: 'Lato', sans-serif; color: black;\">\n    L'any 2021 vam decidir proposar el nostre projecte al mercat espanyol enriquint els est\u00e0ndards de qualitat assolits i millorant els productes amb l'elaboraci\u00f3 d'all negre I.G.P. del mercat nacional, per pagesos que conreen sota les estrictes normes d'Agricultura i Ramaderia.<\/p>\n\n\t\t\t\t\t<\/div>\n\t\t\t\t\t\t<\/div>\n\t\t\t\t<\/div>\n\t\t\t\t<\/div>\n\t\t\t\t\t<\/div>\n\t\t\t\t<\/div>\n\t\t<div class=\"wd-negative-gap elementor-element elementor-element-5296d00 elementor-hidden-desktop e-flex e-con-boxed e-con e-parent\" data-id=\"5296d00\" data-element_type=\"container\">\n\t\t\t\t\t<div class=\"e-con-inner\">\n\t\t<div class=\"elementor-element elementor-element-8a7500c e-con-full e-flex e-con e-child\" data-id=\"8a7500c\" data-element_type=\"container\">\n\t\t\t\t<div class=\"elementor-element elementor-element-57a1da4 wd-width-100 elementor-widget elementor-widget-wd_title\" data-id=\"57a1da4\" data-element_type=\"widget\" data-widget_type=\"wd_title.default\">\n\t\t\t\t<div class=\"elementor-widget-container\">\n\t\t\t\t\t\t\t<div class=\"title-wrapper wd-set-mb reset-last-child wd-title-color-primary wd-title-style-default wd-title-size-large text-left\">\n\n\t\t\t\n\t\t\t<div class=\"liner-continer\">\n\t\t\t\t<h4 class=\"woodmart-title-container title wd-fontsize-xxl\"><\/h4> \n\t\t\t\t\t\t\t<\/div>\n\n\t\t\t\t\t\t\t<div class=\"title-after_title reset-last-child wd-fontsize-s\">\n\t\t\t\t\t<p><span style=\"color: #000000\">NonnaPina AioNegro \u00e9s un projecte pioner que neix a Cali -Col\u00f2mbia- l'any 2016 de la trobada d'idees de Tommaso i M\u00f3nica per contribuir a la salut general de les persones d'una manera natural donant a con\u00e8ixer i convidant a consumir l'All Negre, complement alimentari amb m\u00faltiples beneficis a la salut.<\/span><\/p>\t\t\t\t<\/div>\n\t\t\t\t\t<\/div>\n\t\t\t\t\t\t<\/div>\n\t\t\t\t<\/div>\n\t\t<div class=\"elementor-element elementor-element-130ae1e e-con-full e-flex e-con e-child\" data-id=\"130ae1e\" data-element_type=\"container\">\n\t\t\t\t<div class=\"elementor-element elementor-element-ff09cd7 elementor-widget elementor-widget-wd_image_or_svg\" data-id=\"ff09cd7\" data-element_type=\"widget\" data-widget_type=\"wd_image_or_svg.default\">\n\t\t\t\t<div class=\"elementor-widget-container\">\n\t\t\t\t\t\n\t\t<div class=\"wd-image text-left\">\n\t\t\t\t\t\t\t\t<img loading=\"lazy\" decoding=\"async\" width=\"1437\" height=\"535\" src=\"https:\/\/www.nonnapinaajonegro.com\/wp-content\/uploads\/2025\/04\/Schermata-2025-04-08-alle-08.47.08.png\" class=\"attachment-full size-full\" alt=\"\" srcset=\"https:\/\/www.nonnapinaajonegro.com\/wp-content\/uploads\/2025\/04\/Schermata-2025-04-08-alle-08.47.08.png 1437w, https:\/\/www.nonnapinaajonegro.com\/wp-content\/uploads\/2025\/04\/Schermata-2025-04-08-alle-08.47.08-400x149.png 400w, https:\/\/www.nonnapinaajonegro.com\/wp-content\/uploads\/2025\/04\/Schermata-2025-04-08-alle-08.47.08-1300x484.png 1300w, https:\/\/www.nonnapinaajonegro.com\/wp-content\/uploads\/2025\/04\/Schermata-2025-04-08-alle-08.47.08-768x286.png 768w, https:\/\/www.nonnapinaajonegro.com\/wp-content\/uploads\/2025\/04\/Schermata-2025-04-08-alle-08.47.08-430x160.png 430w, https:\/\/www.nonnapinaajonegro.com\/wp-content\/uploads\/2025\/04\/Schermata-2025-04-08-alle-08.47.08-700x261.png 700w, https:\/\/www.nonnapinaajonegro.com\/wp-content\/uploads\/2025\/04\/Schermata-2025-04-08-alle-08.47.08-150x56.png 150w\" sizes=\"auto, (max-width: 1437px) 100vw, 1437px\" \/>\t\t\t\t\t<\/div>\n\n\t\t\t\t\t\t<\/div>\n\t\t\t\t<\/div>\n\t\t\t\t<\/div>\n\t\t\t\t<div class=\"elementor-element elementor-element-1d7b258 elementor-widget elementor-widget-wd_text_block\" data-id=\"1d7b258\" data-element_type=\"widget\" data-widget_type=\"wd_text_block.default\">\n\t\t\t\t<div class=\"elementor-widget-container\">\n\t\t\t\t\t\t\t<div class=\"wd-text-block reset-last-child text-left\">\n\t\t\t\n\t\t\t<p style=\"font-family: 'Lato', sans-serif; color: black;\">\n    Els productes NonnaPina AioNegro s\u00f3c el resultat de la constant investigaci\u00f3 i comparaci\u00f3 amb experts de les diverses entitats que han contribu\u00eft al desenvolupament del projecte NonnaPina AioNegro (Universitat de la Vall departament de qu\u00edmica - Cambra de Comer\u00e7 de Cali - Governaci\u00f3 de la Vall - Alcaldia de Cali Secret\u00e0ria de Turisme - Fundaci\u00f3 Famevida).\n<\/p>\n<p style=\"font-family: 'Lato', sans-serif; color: black;\">\n    L'any 2021 vam decidir proposar el nostre projecte al mercat espanyol enriquint els est\u00e0ndards de qualitat assolits i millorant els productes amb l'elaboraci\u00f3 d'all negre I.G.P. del mercat nacional, per pagesos que conreen sota les estrictes normes d'Agricultura i Ramaderia.<\/p>\n\n\t\t\t\t\t<\/div>\n\t\t\t\t\t\t<\/div>\n\t\t\t\t<\/div>\n\t\t\t\t<\/div>\n\t\t\t\t\t<\/div>\n\t\t\t\t<\/div>\n\t\t\t\t<\/div>","protected":false},"excerpt":{"rendered":"<p>NonnaPina AioNegro es un proyecto pionero que nace en Cali -Colombia- en el an\u0303o 2016 del encuentro de ideas de<\/p>","protected":false},"author":1,"featured_media":34259,"parent":0,"menu_order":0,"comment_status":"closed","ping_status":"closed","template":"","meta":{"footnotes":""},"class_list":["post-4400","page","type-page","status-publish","has-post-thumbnail","hentry"],"yoast_head":"<!-- This site is optimized with the Yoast SEO plugin v24.9 - https:\/\/yoast.com\/wordpress\/plugins\/seo\/ -->\n<title>Quien somos - Nonna Pina Ajo Negro<\/title>\n<meta name=\"description\" content=\"Nonna Pina Ajo Negro es un proyecto pionero que nace en Cali -Colombia- en el an\u0303o 2016 para contribuir a la salud general de las personas.\" \/>\n<meta name=\"robots\" content=\"index, follow, max-snippet:-1, max-image-preview:large, max-video-preview:-1\" \/>\n<link rel=\"canonical\" href=\"https:\/\/www.nonnapinaajonegro.com\/ca\/quien-somos\/\" \/>\n<meta property=\"og:locale\" content=\"ca_ES\" \/>\n<meta property=\"og:type\" content=\"article\" \/>\n<meta property=\"og:title\" content=\"Quien somos - Nonna Pina Ajo Negro\" \/>\n<meta property=\"og:description\" content=\"Nonna Pina Ajo Negro es un proyecto pionero que nace en Cali -Colombia- en el an\u0303o 2016 para contribuir a la salud general de las personas.\" \/>\n<meta property=\"og:url\" content=\"https:\/\/www.nonnapinaajonegro.com\/ca\/quien-somos\/\" \/>\n<meta property=\"og:site_name\" content=\"Nonna Pina Ajo Negro\" \/>\n<meta property=\"article:publisher\" content=\"https:\/\/www.facebook.com\/p\/Ajo-Negro-Nonna-Pina-100063647813861\/yoast\" \/>\n<meta property=\"article:modified_time\" content=\"2025-04-10T10:38:07+00:00\" \/>\n<meta property=\"og:image\" content=\"https:\/\/www.nonnapinaajonegro.com\/wp-content\/uploads\/2025\/02\/BLACK-ICON-AJO.png\" \/>\n\t<meta property=\"og:image:width\" content=\"81\" \/>\n\t<meta property=\"og:image:height\" content=\"108\" \/>\n\t<meta property=\"og:image:type\" content=\"image\/png\" \/>\n<meta name=\"twitter:card\" content=\"summary_large_image\" \/>\n<meta name=\"twitter:label1\" content=\"Temps estimat de lectura\" \/>\n\t<meta name=\"twitter:data1\" content=\"3 minuts\" \/>\n<script type=\"application\/ld+json\" class=\"yoast-schema-graph\">{\"@context\":\"https:\/\/schema.org\",\"@graph\":[{\"@type\":\"WebPage\",\"@id\":\"https:\/\/www.nonnapinaajonegro.com\/quien-somos\/\",\"url\":\"https:\/\/www.nonnapinaajonegro.com\/quien-somos\/\",\"name\":\"Quien somos - Nonna Pina Ajo Negro\",\"isPartOf\":{\"@id\":\"https:\/\/www.nonnapinaajonegro.com\/#website\"},\"primaryImageOfPage\":{\"@id\":\"https:\/\/www.nonnapinaajonegro.com\/quien-somos\/#primaryimage\"},\"image\":{\"@id\":\"https:\/\/www.nonnapinaajonegro.com\/quien-somos\/#primaryimage\"},\"thumbnailUrl\":\"https:\/\/www.nonnapinaajonegro.com\/wp-content\/uploads\/2025\/02\/BLACK-ICON-AJO.png\",\"datePublished\":\"2021-10-12T15:51:09+00:00\",\"dateModified\":\"2025-04-10T10:38:07+00:00\",\"description\":\"Nonna Pina Ajo Negro es un proyecto pionero que nace en Cali -Colombia- en el an\u0303o 2016 para contribuir a la salud general de las personas.\",\"breadcrumb\":{\"@id\":\"https:\/\/www.nonnapinaajonegro.com\/quien-somos\/#breadcrumb\"},\"inLanguage\":\"ca\",\"potentialAction\":[{\"@type\":\"ReadAction\",\"target\":[\"https:\/\/www.nonnapinaajonegro.com\/quien-somos\/\"]}]},{\"@type\":\"ImageObject\",\"inLanguage\":\"ca\",\"@id\":\"https:\/\/www.nonnapinaajonegro.com\/quien-somos\/#primaryimage\",\"url\":\"https:\/\/www.nonnapinaajonegro.com\/wp-content\/uploads\/2025\/02\/BLACK-ICON-AJO.png\",\"contentUrl\":\"https:\/\/www.nonnapinaajonegro.com\/wp-content\/uploads\/2025\/02\/BLACK-ICON-AJO.png\",\"width\":81,\"height\":108},{\"@type\":\"BreadcrumbList\",\"@id\":\"https:\/\/www.nonnapinaajonegro.com\/quien-somos\/#breadcrumb\",\"itemListElement\":[{\"@type\":\"ListItem\",\"position\":1,\"name\":\"Home\",\"item\":\"https:\/\/www.nonnapinaajonegro.com\/\"},{\"@type\":\"ListItem\",\"position\":2,\"name\":\"Quien somos\"}]},{\"@type\":\"WebSite\",\"@id\":\"https:\/\/www.nonnapinaajonegro.com\/#website\",\"url\":\"https:\/\/www.nonnapinaajonegro.com\/\",\"name\":\"Nonna Pina Ajo Negro\",\"description\":\"\",\"publisher\":{\"@id\":\"https:\/\/www.nonnapinaajonegro.com\/#organization\"},\"potentialAction\":[{\"@type\":\"SearchAction\",\"target\":{\"@type\":\"EntryPoint\",\"urlTemplate\":\"https:\/\/www.nonnapinaajonegro.com\/?s={search_term_string}\"},\"query-input\":{\"@type\":\"PropertyValueSpecification\",\"valueRequired\":true,\"valueName\":\"search_term_string\"}}],\"inLanguage\":\"ca\"},{\"@type\":\"Organization\",\"@id\":\"https:\/\/www.nonnapinaajonegro.com\/#organization\",\"name\":\"Nonna Pina Ajo Negro\",\"url\":\"https:\/\/www.nonnapinaajonegro.com\/\",\"logo\":{\"@type\":\"ImageObject\",\"inLanguage\":\"ca\",\"@id\":\"https:\/\/www.nonnapinaajonegro.com\/#\/schema\/logo\/image\/\",\"url\":\"https:\/\/www.nonnapinaajonegro.com\/wp-content\/uploads\/2025\/02\/Black-logo-no-background-orizzontale.png\",\"contentUrl\":\"https:\/\/www.nonnapinaajonegro.com\/wp-content\/uploads\/2025\/02\/Black-logo-no-background-orizzontale.png\",\"width\":2940,\"height\":1592,\"caption\":\"Nonna Pina Ajo Negro\"},\"image\":{\"@id\":\"https:\/\/www.nonnapinaajonegro.com\/#\/schema\/logo\/image\/\"},\"sameAs\":[\"https:\/\/www.facebook.com\/p\/Ajo-Negro-Nonna-Pina-100063647813861\/yoast\",\"https:\/\/www.instagram.com\/nonnapina.ajonegro\/yoast\"]}]}<\/script>\n<!-- \/ Yoast SEO plugin. -->","yoast_head_json":{"title":"Quien somos - Nonna Pina Ajo Negro","description":"Nonna Pina Ajo Negro es un proyecto pionero que nace en Cali -Colombia- en el an\u0303o 2016 para contribuir a la salud general de las personas.","robots":{"index":"index","follow":"follow","max-snippet":"max-snippet:-1","max-image-preview":"max-image-preview:large","max-video-preview":"max-video-preview:-1"},"canonical":"https:\/\/www.nonnapinaajonegro.com\/ca\/quien-somos\/","og_locale":"ca_ES","og_type":"article","og_title":"Quien somos - Nonna Pina Ajo Negro","og_description":"Nonna Pina Ajo Negro es un proyecto pionero que nace en Cali -Colombia- en el an\u0303o 2016 para contribuir a la salud general de las personas.","og_url":"https:\/\/www.nonnapinaajonegro.com\/ca\/quien-somos\/","og_site_name":"Nonna Pina Ajo Negro","article_publisher":"https:\/\/www.facebook.com\/p\/Ajo-Negro-Nonna-Pina-100063647813861\/yoast","article_modified_time":"2025-04-10T10:38:07+00:00","og_image":[{"width":81,"height":108,"url":"https:\/\/www.nonnapinaajonegro.com\/wp-content\/uploads\/2025\/02\/BLACK-ICON-AJO.png","type":"image\/png"}],"twitter_card":"summary_large_image","twitter_misc":{"Temps estimat de lectura":"3 minuts"},"schema":{"@context":"https:\/\/schema.org","@graph":[{"@type":"WebPage","@id":"https:\/\/www.nonnapinaajonegro.com\/quien-somos\/","url":"https:\/\/www.nonnapinaajonegro.com\/quien-somos\/","name":"Quien somos - Nonna Pina Ajo Negro","isPartOf":{"@id":"https:\/\/www.nonnapinaajonegro.com\/#website"},"primaryImageOfPage":{"@id":"https:\/\/www.nonnapinaajonegro.com\/quien-somos\/#primaryimage"},"image":{"@id":"https:\/\/www.nonnapinaajonegro.com\/quien-somos\/#primaryimage"},"thumbnailUrl":"https:\/\/www.nonnapinaajonegro.com\/wp-content\/uploads\/2025\/02\/BLACK-ICON-AJO.png","datePublished":"2021-10-12T15:51:09+00:00","dateModified":"2025-04-10T10:38:07+00:00","description":"Nonna Pina Ajo Negro es un proyecto pionero que nace en Cali -Colombia- en el an\u0303o 2016 para contribuir a la salud general de las personas.","breadcrumb":{"@id":"https:\/\/www.nonnapinaajonegro.com\/quien-somos\/#breadcrumb"},"inLanguage":"ca","potentialAction":[{"@type":"ReadAction","target":["https:\/\/www.nonnapinaajonegro.com\/quien-somos\/"]}]},{"@type":"ImageObject","inLanguage":"ca","@id":"https:\/\/www.nonnapinaajonegro.com\/quien-somos\/#primaryimage","url":"https:\/\/www.nonnapinaajonegro.com\/wp-content\/uploads\/2025\/02\/BLACK-ICON-AJO.png","contentUrl":"https:\/\/www.nonnapinaajonegro.com\/wp-content\/uploads\/2025\/02\/BLACK-ICON-AJO.png","width":81,"height":108},{"@type":"BreadcrumbList","@id":"https:\/\/www.nonnapinaajonegro.com\/quien-somos\/#breadcrumb","itemListElement":[{"@type":"ListItem","position":1,"name":"Home","item":"https:\/\/www.nonnapinaajonegro.com\/"},{"@type":"ListItem","position":2,"name":"Quien somos"}]},{"@type":"WebSite","@id":"https:\/\/www.nonnapinaajonegro.com\/#website","url":"https:\/\/www.nonnapinaajonegro.com\/","name":"Nonna Pina Ajo Negro","description":"","publisher":{"@id":"https:\/\/www.nonnapinaajonegro.com\/#organization"},"potentialAction":[{"@type":"SearchAction","target":{"@type":"EntryPoint","urlTemplate":"https:\/\/www.nonnapinaajonegro.com\/?s={search_term_string}"},"query-input":{"@type":"PropertyValueSpecification","valueRequired":true,"valueName":"search_term_string"}}],"inLanguage":"ca"},{"@type":"Organization","@id":"https:\/\/www.nonnapinaajonegro.com\/#organization","name":"Nonna Pina Ajo Negro","url":"https:\/\/www.nonnapinaajonegro.com\/","logo":{"@type":"ImageObject","inLanguage":"ca","@id":"https:\/\/www.nonnapinaajonegro.com\/#\/schema\/logo\/image\/","url":"https:\/\/www.nonnapinaajonegro.com\/wp-content\/uploads\/2025\/02\/Black-logo-no-background-orizzontale.png","contentUrl":"https:\/\/www.nonnapinaajonegro.com\/wp-content\/uploads\/2025\/02\/Black-logo-no-background-orizzontale.png","width":2940,"height":1592,"caption":"Nonna Pina Ajo Negro"},"image":{"@id":"https:\/\/www.nonnapinaajonegro.com\/#\/schema\/logo\/image\/"},"sameAs":["https:\/\/www.facebook.com\/p\/Ajo-Negro-Nonna-Pina-100063647813861\/yoast","https:\/\/www.instagram.com\/nonnapina.ajonegro\/yoast"]}]}},"_links":{"self":[{"href":"https:\/\/www.nonnapinaajonegro.com\/ca\/wp-json\/wp\/v2\/pages\/4400","targetHints":{"allow":["GET"]}}],"collection":[{"href":"https:\/\/www.nonnapinaajonegro.com\/ca\/wp-json\/wp\/v2\/pages"}],"about":[{"href":"https:\/\/www.nonnapinaajonegro.com\/ca\/wp-json\/wp\/v2\/types\/page"}],"author":[{"embeddable":true,"href":"https:\/\/www.nonnapinaajonegro.com\/ca\/wp-json\/wp\/v2\/users\/1"}],"replies":[{"embeddable":true,"href":"https:\/\/www.nonnapinaajonegro.com\/ca\/wp-json\/wp\/v2\/comments?post=4400"}],"version-history":[{"count":22,"href":"https:\/\/www.nonnapinaajonegro.com\/ca\/wp-json\/wp\/v2\/pages\/4400\/revisions"}],"predecessor-version":[{"id":35376,"href":"https:\/\/www.nonnapinaajonegro.com\/ca\/wp-json\/wp\/v2\/pages\/4400\/revisions\/35376"}],"wp:featuredmedia":[{"embeddable":true,"href":"https:\/\/www.nonnapinaajonegro.com\/ca\/wp-json\/wp\/v2\/media\/34259"}],"wp:attachment":[{"href":"https:\/\/www.nonnapinaajonegro.com\/ca\/wp-json\/wp\/v2\/media?parent=4400"}],"curies":[{"name":"wp","href":"https:\/\/api.w.org\/{rel}","templated":true}]}}