{"id":4439,"date":"2021-10-12T16:27:24","date_gmt":"2021-10-12T16:27:24","guid":{"rendered":"http:\/\/dummy.xtemos.com\/woodmart2\/elementor\/?page_id=4439"},"modified":"2025-04-10T12:22:19","modified_gmt":"2025-04-10T10:22:19","slug":"contactos","status":"publish","type":"page","link":"https:\/\/www.nonnapinaajonegro.com\/ca\/contactos\/","title":{"rendered":"Contactes"},"content":{"rendered":"<div data-elementor-type=\"wp-page\" data-elementor-id=\"4439\" class=\"elementor elementor-4439\">\n\t\t\t\t<div class=\"wd-negative-gap elementor-element elementor-element-cb322d0 e-flex e-con-boxed e-con e-parent\" data-id=\"cb322d0\" data-element_type=\"container\">\n\t\t\t\t\t<div class=\"e-con-inner\">\n\t\t<div class=\"elementor-element elementor-element-1f0abe4 e-con-full e-flex e-con e-child\" data-id=\"1f0abe4\" data-element_type=\"container\">\n\t\t\t\t<div class=\"elementor-element elementor-element-78cd2ef elementor-hidden-mobile elementor-widget elementor-widget-image\" data-id=\"78cd2ef\" data-element_type=\"widget\" data-widget_type=\"image.default\">\n\t\t\t\t<div class=\"elementor-widget-container\">\n\t\t\t\t\t\t\t\t\t\t\t\t\t\t\t<img loading=\"lazy\" decoding=\"async\" width=\"400\" height=\"217\" src=\"https:\/\/www.nonnapinaajonegro.com\/wp-content\/uploads\/2025\/02\/Black-logo-no-background-orizzontale-400x217.png\" class=\"attachment-medium size-medium wp-image-34223\" alt=\"\" srcset=\"https:\/\/www.nonnapinaajonegro.com\/wp-content\/uploads\/2025\/02\/Black-logo-no-background-orizzontale-400x217.png 400w, https:\/\/www.nonnapinaajonegro.com\/wp-content\/uploads\/2025\/02\/Black-logo-no-background-orizzontale-430x233.png 430w, https:\/\/www.nonnapinaajonegro.com\/wp-content\/uploads\/2025\/02\/Black-logo-no-background-orizzontale-150x81.png 150w, https:\/\/www.nonnapinaajonegro.com\/wp-content\/uploads\/2025\/02\/Black-logo-no-background-orizzontale-700x379.png 700w, https:\/\/www.nonnapinaajonegro.com\/wp-content\/uploads\/2025\/02\/Black-logo-no-background-orizzontale-1300x704.png 1300w, https:\/\/www.nonnapinaajonegro.com\/wp-content\/uploads\/2025\/02\/Black-logo-no-background-orizzontale-768x416.png 768w, https:\/\/www.nonnapinaajonegro.com\/wp-content\/uploads\/2025\/02\/Black-logo-no-background-orizzontale-1536x832.png 1536w, https:\/\/www.nonnapinaajonegro.com\/wp-content\/uploads\/2025\/02\/Black-logo-no-background-orizzontale-2048x1109.png 2048w\" sizes=\"auto, (max-width: 400px) 100vw, 400px\" \/>\t\t\t\t\t\t\t\t\t\t\t\t\t\t\t<\/div>\n\t\t\t\t<\/div>\n\t\t\t\t<div class=\"elementor-element elementor-element-1c11116 elementor-hidden-desktop elementor-hidden-tablet elementor-widget elementor-widget-image\" data-id=\"1c11116\" data-element_type=\"widget\" data-widget_type=\"image.default\">\n\t\t\t\t<div class=\"elementor-widget-container\">\n\t\t\t\t\t\t\t\t\t\t\t\t\t\t\t<img loading=\"lazy\" decoding=\"async\" width=\"150\" height=\"81\" src=\"https:\/\/www.nonnapinaajonegro.com\/wp-content\/uploads\/2025\/02\/Black-logo-no-background-orizzontale-150x81.png\" class=\"attachment-woocommerce_gallery_thumbnail size-woocommerce_gallery_thumbnail wp-image-34223\" alt=\"\" srcset=\"https:\/\/www.nonnapinaajonegro.com\/wp-content\/uploads\/2025\/02\/Black-logo-no-background-orizzontale-150x81.png 150w, https:\/\/www.nonnapinaajonegro.com\/wp-content\/uploads\/2025\/02\/Black-logo-no-background-orizzontale-430x233.png 430w, https:\/\/www.nonnapinaajonegro.com\/wp-content\/uploads\/2025\/02\/Black-logo-no-background-orizzontale-700x379.png 700w, https:\/\/www.nonnapinaajonegro.com\/wp-content\/uploads\/2025\/02\/Black-logo-no-background-orizzontale-400x217.png 400w, https:\/\/www.nonnapinaajonegro.com\/wp-content\/uploads\/2025\/02\/Black-logo-no-background-orizzontale-1300x704.png 1300w, https:\/\/www.nonnapinaajonegro.com\/wp-content\/uploads\/2025\/02\/Black-logo-no-background-orizzontale-768x416.png 768w, https:\/\/www.nonnapinaajonegro.com\/wp-content\/uploads\/2025\/02\/Black-logo-no-background-orizzontale-1536x832.png 1536w, https:\/\/www.nonnapinaajonegro.com\/wp-content\/uploads\/2025\/02\/Black-logo-no-background-orizzontale-2048x1109.png 2048w\" sizes=\"auto, (max-width: 150px) 100vw, 150px\" \/>\t\t\t\t\t\t\t\t\t\t\t\t\t\t\t<\/div>\n\t\t\t\t<\/div>\n\t\t\t\t<div class=\"elementor-element elementor-element-7f4d34b elementor-widget elementor-widget-wd_text_block\" data-id=\"7f4d34b\" data-element_type=\"widget\" data-widget_type=\"wd_text_block.default\">\n\t\t\t\t<div class=\"elementor-widget-container\">\n\t\t\t\t\t\t\t<div class=\"wd-text-block reset-last-child text-left\">\n\t\t\t\n\t\t\t<p style=\"text-align: center;\">NONNA PINA AJO NEGRO<\/p><p style=\"text-align: center;\">Carrer del Bastiments, 20<br \/>17006, Girona, Espa\u00f1a<\/p>\n\t\t\t\t\t<\/div>\n\t\t\t\t\t\t<\/div>\n\t\t\t\t<\/div>\n\t\t\t\t<div class=\"elementor-element elementor-element-d675503 elementor-widget elementor-widget-wd_text_block\" data-id=\"d675503\" data-element_type=\"widget\" data-widget_type=\"wd_text_block.default\">\n\t\t\t\t<div class=\"elementor-widget-container\">\n\t\t\t\t\t\t\t<div class=\"wd-text-block reset-last-child text-left\">\n\t\t\t\n\t\t\t<p style=\"text-align: center;\"><a href=\"tel:+34622256411\"><img decoding=\"async\" src=\"https:\/\/www.nonnapinaajonegro.com\/wp-content\/uploads\/2025\/04\/Schermata-2023-03-19-alle-17.50.03-copia.png\" alt=\"Telefono\" width=\"20\" \/> +34622256411<br \/>\n<\/a><\/p>\n<p style=\"text-align: center;\"><a href=\"tel:+34613269899\"><img decoding=\"async\" src=\"https:\/\/www.nonnapinaajonegro.com\/wp-content\/uploads\/2025\/04\/Schermata-2023-03-19-alle-17.50.03-copia.png\" alt=\"Telefono\" width=\"20\" \/> +34613269899<br \/>\n<\/a><\/p>\n\n\t\t\t\t\t<\/div>\n\t\t\t\t\t\t<\/div>\n\t\t\t\t<\/div>\n\t\t\t\t<div class=\"elementor-element elementor-element-9d32a99 elementor-widget elementor-widget-google_maps\" data-id=\"9d32a99\" data-element_type=\"widget\" data-widget_type=\"google_maps.default\">\n\t\t\t\t<div class=\"elementor-widget-container\">\n\t\t\t\t\t\t\t<div class=\"elementor-custom-embed\">\n\t\t\t<iframe loading=\"lazy\"\n\t\t\t\t\tsrc=\"https:\/\/maps.google.com\/maps?q=Carrer%20del%20Bastiments%2C%2020%20-%20Girona&#038;t=m&#038;z=14&#038;output=embed&#038;iwloc=near\"\n\t\t\t\t\ttitle=\"Carrer del Bastiments, 20 - Girona\"\n\t\t\t\t\taria-label=\"Carrer del Bastiments, 20 - Girona\"\n\t\t\t><\/iframe>\n\t\t<\/div>\n\t\t\t\t\t\t<\/div>\n\t\t\t\t<\/div>\n\t\t\t\t<\/div>\n\t\t<div class=\"elementor-element elementor-element-789122a e-con-full e-flex e-con e-child\" data-id=\"789122a\" data-element_type=\"container\">\n\t\t\t\t<div class=\"elementor-element elementor-element-775ddc4 wd-width-100 elementor-widget elementor-widget-wd_title\" data-id=\"775ddc4\" data-element_type=\"widget\" data-widget_type=\"wd_title.default\">\n\t\t\t\t<div class=\"elementor-widget-container\">\n\t\t\t\t\t\t\t<div class=\"title-wrapper wd-set-mb reset-last-child wd-title-color-default wd-title-style-default wd-title-size-default text-left\">\n\n\t\t\t\n\t\t\t<div class=\"liner-continer\">\n\t\t\t\t<h4 class=\"woodmart-title-container title wd-fontsize-l\">CONTACTEU-NOS PER A INFORMACI\u00d3<\/h4> \n\t\t\t\t\t\t\t<\/div>\n\n\t\t\t\t\t<\/div>\n\t\t\t\t\t\t<\/div>\n\t\t\t\t<\/div>\n\t\t\t\t<div class=\"elementor-element elementor-element-3c67846 wd-cf7 elementor-widget elementor-widget-wd_contact_form_7\" data-id=\"3c67846\" data-element_type=\"widget\" data-widget_type=\"wd_contact_form_7.default\">\n\t\t\t\t<div class=\"elementor-widget-container\">\n\t\t\t\t\t\n<div class=\"wpcf7 no-js\" id=\"wpcf7-f14-o1\" lang=\"es-ES\" dir=\"ltr\" data-wpcf7-id=\"14\">\n<div class=\"screen-reader-response\"><p role=\"status\" aria-live=\"polite\" aria-atomic=\"true\"><\/p> <ul><\/ul><\/div>\n<form action=\"\/ca\/wp-json\/wp\/v2\/pages\/4439#wpcf7-f14-o1\" method=\"post\" class=\"wpcf7-form init\" aria-label=\"Formulario de contacto\" novalidate=\"novalidate\" data-status=\"init\" data-trp-original-action=\"\/ca\/wp-json\/wp\/v2\/pages\/4439#wpcf7-f14-o1\">\n<fieldset class=\"hidden-fields-container\"><input type=\"hidden\" name=\"_wpcf7\" value=\"14\" \/><input type=\"hidden\" name=\"_wpcf7_version\" value=\"6.1\" \/><input type=\"hidden\" name=\"_wpcf7_locale\" value=\"es_ES\" \/><input type=\"hidden\" name=\"_wpcf7_unit_tag\" value=\"wpcf7-f14-o1\" \/><input type=\"hidden\" name=\"_wpcf7_container_post\" value=\"0\" \/><input type=\"hidden\" name=\"_wpcf7_posted_data_hash\" value=\"\" \/><input type=\"hidden\" name=\"_wpcf7_recaptcha_response\" value=\"\" \/>\n<\/fieldset>\n<p><label> El teu nom<br \/>\n<span class=\"wpcf7-form-control-wrap\" data-name=\"your-name\"><input size=\"40\" maxlength=\"400\" class=\"wpcf7-form-control wpcf7-text wpcf7-validates-as-required\" autocomplete=\"name\" aria-required=\"true\" aria-invalid=\"false\" value=\"\" type=\"text\" name=\"your-name\" \/><\/span> <\/label>\n<\/p>\n<p><label> El teu correu electr\u00f2nic<br \/>\n<span class=\"wpcf7-form-control-wrap\" data-name=\"your-email\"><input size=\"40\" maxlength=\"400\" class=\"wpcf7-form-control wpcf7-email wpcf7-validates-as-required wpcf7-text wpcf7-validates-as-email\" autocomplete=\"email\" aria-required=\"true\" aria-invalid=\"false\" value=\"\" type=\"email\" name=\"your-email\" \/><\/span> <\/label>\n<\/p>\n<p><label> Assumpte<br \/>\n<span class=\"wpcf7-form-control-wrap\" data-name=\"your-subject\"><input size=\"40\" maxlength=\"400\" class=\"wpcf7-form-control wpcf7-text wpcf7-validates-as-required\" aria-required=\"true\" aria-invalid=\"false\" value=\"\" type=\"text\" name=\"your-subject\" \/><\/span> <\/label>\n<\/p>\n<p><label> El teu missatge (opcional)<br \/>\n<span class=\"wpcf7-form-control-wrap\" data-name=\"your-message\"><textarea cols=\"40\" rows=\"10\" maxlength=\"2000\" class=\"wpcf7-form-control wpcf7-textarea\" aria-invalid=\"false\" name=\"your-message\"><\/textarea><\/span> <\/label>\n<\/p>\n<p><input class=\"wpcf7-form-control wpcf7-submit has-spinner\" type=\"submit\" value=\"Enviar\" \/>\n<\/p><p style=\"display: none !important;\" class=\"akismet-fields-container\" data-prefix=\"_wpcf7_ak_\"><label>&#916;<textarea name=\"_wpcf7_ak_hp_textarea\" cols=\"45\" rows=\"8\" maxlength=\"100\"><\/textarea><\/label><input type=\"hidden\" id=\"ak_js_1\" name=\"_wpcf7_ak_js\" value=\"147\"\/><script>document.getElementById( \"ak_js_1\" ).setAttribute( \"value\", ( new Date() ).getTime() );<\/script><\/p><div class=\"wpcf7-response-output\" aria-hidden=\"true\"><\/div>\n<input type=\"hidden\" name=\"trp-form-language\" value=\"ca\"\/><\/form>\n<\/div>\n\t\t\t\t<\/div>\n\t\t\t\t<\/div>\n\t\t\t\t<\/div>\n\t\t\t\t\t<\/div>\n\t\t\t\t<\/div>\n\t\t\t\t<\/div>","protected":false},"excerpt":{"rendered":"<p>NONNA PINA AJO NEGRO Carrer del Bastiments, 2017006, Girona, Espa\u00f1a +34622256411 +34613269899 CONT\u00c1CTENOS PARA INFORMACI\u00d3N Tu nombre Tu correo electr\u00f3nico<\/p>","protected":false},"author":1,"featured_media":34709,"parent":0,"menu_order":0,"comment_status":"closed","ping_status":"closed","template":"","meta":{"footnotes":""},"class_list":["post-4439","page","type-page","status-publish","has-post-thumbnail","hentry"],"yoast_head":"<!-- This site is optimized with the Yoast SEO plugin v24.9 - https:\/\/yoast.com\/wordpress\/plugins\/seo\/ -->\n<title>Contactos - Nonna Pina Ajo Negro<\/title>\n<meta name=\"description\" content=\"Comun\u00edquese con Nonna Pina Ajo Negro para obtener m\u00e1s informaci\u00f3n. Env\u00edanos un correo electr\u00f3nico, ll\u00e1manos o escr\u00edbenos v\u00eda whatsapp\" \/>\n<meta name=\"robots\" content=\"index, follow, max-snippet:-1, max-image-preview:large, max-video-preview:-1\" \/>\n<link rel=\"canonical\" href=\"https:\/\/www.nonnapinaajonegro.com\/ca\/contactos\/\" \/>\n<meta property=\"og:locale\" content=\"ca_ES\" \/>\n<meta property=\"og:type\" content=\"article\" \/>\n<meta property=\"og:title\" content=\"Contactos - Nonna Pina Ajo Negro\" \/>\n<meta property=\"og:description\" content=\"Comun\u00edquese con Nonna Pina Ajo Negro para obtener m\u00e1s informaci\u00f3n. Env\u00edanos un correo electr\u00f3nico, ll\u00e1manos o escr\u00edbenos v\u00eda whatsapp\" \/>\n<meta property=\"og:url\" content=\"https:\/\/www.nonnapinaajonegro.com\/ca\/contactos\/\" \/>\n<meta property=\"og:site_name\" content=\"Nonna Pina Ajo Negro\" \/>\n<meta property=\"article:publisher\" content=\"https:\/\/www.facebook.com\/p\/Ajo-Negro-Nonna-Pina-100063647813861\/yoast\" \/>\n<meta property=\"article:modified_time\" content=\"2025-04-10T10:22:19+00:00\" \/>\n<meta property=\"og:image\" content=\"https:\/\/www.nonnapinaajonegro.com\/wp-content\/uploads\/2025\/04\/Schermata-2023-03-19-alle-17.50.03-copia.png\" \/>\n\t<meta property=\"og:image:width\" content=\"568\" \/>\n\t<meta property=\"og:image:height\" content=\"543\" \/>\n\t<meta property=\"og:image:type\" content=\"image\/png\" \/>\n<meta name=\"twitter:card\" content=\"summary_large_image\" \/>\n<meta name=\"twitter:label1\" content=\"Temps estimat de lectura\" \/>\n\t<meta name=\"twitter:data1\" content=\"2 minuts\" \/>\n<script type=\"application\/ld+json\" class=\"yoast-schema-graph\">{\"@context\":\"https:\/\/schema.org\",\"@graph\":[{\"@type\":\"WebPage\",\"@id\":\"https:\/\/www.nonnapinaajonegro.com\/contactos\/\",\"url\":\"https:\/\/www.nonnapinaajonegro.com\/contactos\/\",\"name\":\"Contactos - Nonna Pina Ajo Negro\",\"isPartOf\":{\"@id\":\"https:\/\/www.nonnapinaajonegro.com\/#website\"},\"primaryImageOfPage\":{\"@id\":\"https:\/\/www.nonnapinaajonegro.com\/contactos\/#primaryimage\"},\"image\":{\"@id\":\"https:\/\/www.nonnapinaajonegro.com\/contactos\/#primaryimage\"},\"thumbnailUrl\":\"https:\/\/www.nonnapinaajonegro.com\/wp-content\/uploads\/2025\/04\/Schermata-2023-03-19-alle-17.50.03-copia.png\",\"datePublished\":\"2021-10-12T16:27:24+00:00\",\"dateModified\":\"2025-04-10T10:22:19+00:00\",\"description\":\"Comun\u00edquese con Nonna Pina Ajo Negro para obtener m\u00e1s informaci\u00f3n. Env\u00edanos un correo electr\u00f3nico, ll\u00e1manos o escr\u00edbenos v\u00eda whatsapp\",\"breadcrumb\":{\"@id\":\"https:\/\/www.nonnapinaajonegro.com\/contactos\/#breadcrumb\"},\"inLanguage\":\"ca\",\"potentialAction\":[{\"@type\":\"ReadAction\",\"target\":[\"https:\/\/www.nonnapinaajonegro.com\/contactos\/\"]}]},{\"@type\":\"ImageObject\",\"inLanguage\":\"ca\",\"@id\":\"https:\/\/www.nonnapinaajonegro.com\/contactos\/#primaryimage\",\"url\":\"https:\/\/www.nonnapinaajonegro.com\/wp-content\/uploads\/2025\/04\/Schermata-2023-03-19-alle-17.50.03-copia.png\",\"contentUrl\":\"https:\/\/www.nonnapinaajonegro.com\/wp-content\/uploads\/2025\/04\/Schermata-2023-03-19-alle-17.50.03-copia.png\",\"width\":568,\"height\":543},{\"@type\":\"BreadcrumbList\",\"@id\":\"https:\/\/www.nonnapinaajonegro.com\/contactos\/#breadcrumb\",\"itemListElement\":[{\"@type\":\"ListItem\",\"position\":1,\"name\":\"Home\",\"item\":\"https:\/\/www.nonnapinaajonegro.com\/\"},{\"@type\":\"ListItem\",\"position\":2,\"name\":\"Contactos\"}]},{\"@type\":\"WebSite\",\"@id\":\"https:\/\/www.nonnapinaajonegro.com\/#website\",\"url\":\"https:\/\/www.nonnapinaajonegro.com\/\",\"name\":\"Nonna Pina Ajo Negro\",\"description\":\"\",\"publisher\":{\"@id\":\"https:\/\/www.nonnapinaajonegro.com\/#organization\"},\"potentialAction\":[{\"@type\":\"SearchAction\",\"target\":{\"@type\":\"EntryPoint\",\"urlTemplate\":\"https:\/\/www.nonnapinaajonegro.com\/?s={search_term_string}\"},\"query-input\":{\"@type\":\"PropertyValueSpecification\",\"valueRequired\":true,\"valueName\":\"search_term_string\"}}],\"inLanguage\":\"ca\"},{\"@type\":\"Organization\",\"@id\":\"https:\/\/www.nonnapinaajonegro.com\/#organization\",\"name\":\"Nonna Pina Ajo Negro\",\"url\":\"https:\/\/www.nonnapinaajonegro.com\/\",\"logo\":{\"@type\":\"ImageObject\",\"inLanguage\":\"ca\",\"@id\":\"https:\/\/www.nonnapinaajonegro.com\/#\/schema\/logo\/image\/\",\"url\":\"https:\/\/www.nonnapinaajonegro.com\/wp-content\/uploads\/2025\/02\/Black-logo-no-background-orizzontale.png\",\"contentUrl\":\"https:\/\/www.nonnapinaajonegro.com\/wp-content\/uploads\/2025\/02\/Black-logo-no-background-orizzontale.png\",\"width\":2940,\"height\":1592,\"caption\":\"Nonna Pina Ajo Negro\"},\"image\":{\"@id\":\"https:\/\/www.nonnapinaajonegro.com\/#\/schema\/logo\/image\/\"},\"sameAs\":[\"https:\/\/www.facebook.com\/p\/Ajo-Negro-Nonna-Pina-100063647813861\/yoast\",\"https:\/\/www.instagram.com\/nonnapina.ajonegro\/yoast\"]}]}<\/script>\n<!-- \/ Yoast SEO plugin. -->","yoast_head_json":{"title":"Contactos - Nonna Pina Ajo Negro","description":"Comun\u00edquese con Nonna Pina Ajo Negro para obtener m\u00e1s informaci\u00f3n. Env\u00edanos un correo electr\u00f3nico, ll\u00e1manos o escr\u00edbenos v\u00eda whatsapp","robots":{"index":"index","follow":"follow","max-snippet":"max-snippet:-1","max-image-preview":"max-image-preview:large","max-video-preview":"max-video-preview:-1"},"canonical":"https:\/\/www.nonnapinaajonegro.com\/ca\/contactos\/","og_locale":"ca_ES","og_type":"article","og_title":"Contactos - Nonna Pina Ajo Negro","og_description":"Comun\u00edquese con Nonna Pina Ajo Negro para obtener m\u00e1s informaci\u00f3n. Env\u00edanos un correo electr\u00f3nico, ll\u00e1manos o escr\u00edbenos v\u00eda whatsapp","og_url":"https:\/\/www.nonnapinaajonegro.com\/ca\/contactos\/","og_site_name":"Nonna Pina Ajo Negro","article_publisher":"https:\/\/www.facebook.com\/p\/Ajo-Negro-Nonna-Pina-100063647813861\/yoast","article_modified_time":"2025-04-10T10:22:19+00:00","og_image":[{"width":568,"height":543,"url":"https:\/\/www.nonnapinaajonegro.com\/wp-content\/uploads\/2025\/04\/Schermata-2023-03-19-alle-17.50.03-copia.png","type":"image\/png"}],"twitter_card":"summary_large_image","twitter_misc":{"Temps estimat de lectura":"2 minuts"},"schema":{"@context":"https:\/\/schema.org","@graph":[{"@type":"WebPage","@id":"https:\/\/www.nonnapinaajonegro.com\/contactos\/","url":"https:\/\/www.nonnapinaajonegro.com\/contactos\/","name":"Contactos - Nonna Pina Ajo Negro","isPartOf":{"@id":"https:\/\/www.nonnapinaajonegro.com\/#website"},"primaryImageOfPage":{"@id":"https:\/\/www.nonnapinaajonegro.com\/contactos\/#primaryimage"},"image":{"@id":"https:\/\/www.nonnapinaajonegro.com\/contactos\/#primaryimage"},"thumbnailUrl":"https:\/\/www.nonnapinaajonegro.com\/wp-content\/uploads\/2025\/04\/Schermata-2023-03-19-alle-17.50.03-copia.png","datePublished":"2021-10-12T16:27:24+00:00","dateModified":"2025-04-10T10:22:19+00:00","description":"Comun\u00edquese con Nonna Pina Ajo Negro para obtener m\u00e1s informaci\u00f3n. Env\u00edanos un correo electr\u00f3nico, ll\u00e1manos o escr\u00edbenos v\u00eda whatsapp","breadcrumb":{"@id":"https:\/\/www.nonnapinaajonegro.com\/contactos\/#breadcrumb"},"inLanguage":"ca","potentialAction":[{"@type":"ReadAction","target":["https:\/\/www.nonnapinaajonegro.com\/contactos\/"]}]},{"@type":"ImageObject","inLanguage":"ca","@id":"https:\/\/www.nonnapinaajonegro.com\/contactos\/#primaryimage","url":"https:\/\/www.nonnapinaajonegro.com\/wp-content\/uploads\/2025\/04\/Schermata-2023-03-19-alle-17.50.03-copia.png","contentUrl":"https:\/\/www.nonnapinaajonegro.com\/wp-content\/uploads\/2025\/04\/Schermata-2023-03-19-alle-17.50.03-copia.png","width":568,"height":543},{"@type":"BreadcrumbList","@id":"https:\/\/www.nonnapinaajonegro.com\/contactos\/#breadcrumb","itemListElement":[{"@type":"ListItem","position":1,"name":"Home","item":"https:\/\/www.nonnapinaajonegro.com\/"},{"@type":"ListItem","position":2,"name":"Contactos"}]},{"@type":"WebSite","@id":"https:\/\/www.nonnapinaajonegro.com\/#website","url":"https:\/\/www.nonnapinaajonegro.com\/","name":"Nonna Pina Ajo Negro","description":"","publisher":{"@id":"https:\/\/www.nonnapinaajonegro.com\/#organization"},"potentialAction":[{"@type":"SearchAction","target":{"@type":"EntryPoint","urlTemplate":"https:\/\/www.nonnapinaajonegro.com\/?s={search_term_string}"},"query-input":{"@type":"PropertyValueSpecification","valueRequired":true,"valueName":"search_term_string"}}],"inLanguage":"ca"},{"@type":"Organization","@id":"https:\/\/www.nonnapinaajonegro.com\/#organization","name":"Nonna Pina Ajo Negro","url":"https:\/\/www.nonnapinaajonegro.com\/","logo":{"@type":"ImageObject","inLanguage":"ca","@id":"https:\/\/www.nonnapinaajonegro.com\/#\/schema\/logo\/image\/","url":"https:\/\/www.nonnapinaajonegro.com\/wp-content\/uploads\/2025\/02\/Black-logo-no-background-orizzontale.png","contentUrl":"https:\/\/www.nonnapinaajonegro.com\/wp-content\/uploads\/2025\/02\/Black-logo-no-background-orizzontale.png","width":2940,"height":1592,"caption":"Nonna Pina Ajo Negro"},"image":{"@id":"https:\/\/www.nonnapinaajonegro.com\/#\/schema\/logo\/image\/"},"sameAs":["https:\/\/www.facebook.com\/p\/Ajo-Negro-Nonna-Pina-100063647813861\/yoast","https:\/\/www.instagram.com\/nonnapina.ajonegro\/yoast"]}]}},"_links":{"self":[{"href":"https:\/\/www.nonnapinaajonegro.com\/ca\/wp-json\/wp\/v2\/pages\/4439","targetHints":{"allow":["GET"]}}],"collection":[{"href":"https:\/\/www.nonnapinaajonegro.com\/ca\/wp-json\/wp\/v2\/pages"}],"about":[{"href":"https:\/\/www.nonnapinaajonegro.com\/ca\/wp-json\/wp\/v2\/types\/page"}],"author":[{"embeddable":true,"href":"https:\/\/www.nonnapinaajonegro.com\/ca\/wp-json\/wp\/v2\/users\/1"}],"replies":[{"embeddable":true,"href":"https:\/\/www.nonnapinaajonegro.com\/ca\/wp-json\/wp\/v2\/comments?post=4439"}],"version-history":[{"count":23,"href":"https:\/\/www.nonnapinaajonegro.com\/ca\/wp-json\/wp\/v2\/pages\/4439\/revisions"}],"predecessor-version":[{"id":35499,"href":"https:\/\/www.nonnapinaajonegro.com\/ca\/wp-json\/wp\/v2\/pages\/4439\/revisions\/35499"}],"wp:featuredmedia":[{"embeddable":true,"href":"https:\/\/www.nonnapinaajonegro.com\/ca\/wp-json\/wp\/v2\/media\/34709"}],"wp:attachment":[{"href":"https:\/\/www.nonnapinaajonegro.com\/ca\/wp-json\/wp\/v2\/media?parent=4439"}],"curies":[{"name":"wp","href":"https:\/\/api.w.org\/{rel}","templated":true}]}}